{"id":273100,"date":"2025-02-26T16:15:08","date_gmt":"2025-02-26T15:15:08","guid":{"rendered":"https:\/\/www.elvesport.com\/?post_type=product&#038;p=273100"},"modified":"2025-02-27T13:10:29","modified_gmt":"2025-02-27T12:10:29","slug":"vychadzkova-suprava-skbernolakovo","status":"publish","type":"product","link":"https:\/\/www.elvesport.com\/it\/vychadzkova-suprava-skbernolakovo\/","title":{"rendered":"VYCH\u00c1DZKOV\u00c1 S\u00daPRAVA \u0160K BERNOL\u00c1KOVO"},"content":{"rendered":"","protected":false},"excerpt":{"rendered":"<p>Vych\u00e1dzkov\u00e1 s\u00faprava pre klub \u0160K Bernol\u00e1kovo s 3D logom klubu a n\u00e1pisom na zadnej strane<\/p>\n<p>&#8211; Vych\u00e1dzkov\u00e1 mikina KURT<br \/>\n&#8211; Vych\u00e1dzkov\u00e9 tepl\u00e1ky FLANN<\/p>\n","protected":false},"featured_media":273022,"comment_status":"closed","ping_status":"closed","template":"","meta":{"_acf_changed":false},"product_brand":[],"product_cat":[3144],"product_tag":[],"class_list":{"0":"post-273100","1":"product","2":"type-product","3":"status-publish","4":"has-post-thumbnail","6":"product_cat-sk-bernolakovo","8":"first","9":"instock","10":"sale","11":"taxable","12":"shipping-taxable","13":"purchasable","14":"product-type-woosb"},"acf":[],"_links":{"self":[{"href":"https:\/\/www.elvesport.com\/it\/wp-json\/wp\/v2\/product\/273100","targetHints":{"allow":["GET"]}}],"collection":[{"href":"https:\/\/www.elvesport.com\/it\/wp-json\/wp\/v2\/product"}],"about":[{"href":"https:\/\/www.elvesport.com\/it\/wp-json\/wp\/v2\/types\/product"}],"replies":[{"embeddable":true,"href":"https:\/\/www.elvesport.com\/it\/wp-json\/wp\/v2\/comments?post=273100"}],"version-history":[{"count":3,"href":"https:\/\/www.elvesport.com\/it\/wp-json\/wp\/v2\/product\/273100\/revisions"}],"predecessor-version":[{"id":273103,"href":"https:\/\/www.elvesport.com\/it\/wp-json\/wp\/v2\/product\/273100\/revisions\/273103"}],"wp:featuredmedia":[{"embeddable":true,"href":"https:\/\/www.elvesport.com\/it\/wp-json\/wp\/v2\/media\/273022"}],"wp:attachment":[{"href":"https:\/\/www.elvesport.com\/it\/wp-json\/wp\/v2\/media?parent=273100"}],"wp:term":[{"taxonomy":"product_brand","embeddable":true,"href":"https:\/\/www.elvesport.com\/it\/wp-json\/wp\/v2\/product_brand?post=273100"},{"taxonomy":"product_cat","embeddable":true,"href":"https:\/\/www.elvesport.com\/it\/wp-json\/wp\/v2\/product_cat?post=273100"},{"taxonomy":"product_tag","embeddable":true,"href":"https:\/\/www.elvesport.com\/it\/wp-json\/wp\/v2\/product_tag?post=273100"}],"curies":[{"name":"wp","href":"https:\/\/api.w.org\/{rel}","templated":true}]}}