{"id":273117,"date":"2025-02-27T10:49:45","date_gmt":"2025-02-27T09:49:45","guid":{"rendered":"https:\/\/www.elvesport.com\/?post_type=product&#038;p=273117"},"modified":"2025-02-27T10:55:56","modified_gmt":"2025-02-27T09:55:56","slug":"treningova-mikina-madison-sk-bernolakovo","status":"publish","type":"product","link":"https:\/\/www.elvesport.com\/it\/treningova-mikina-madison-sk-bernolakovo\/","title":{"rendered":"TR\u00c9NINGOV\u00c1 MIKINA MADISON \u0160K BERNOL\u00c1KOVO"},"content":{"rendered":"","protected":false},"excerpt":{"rendered":"<p>Tr\u00e9ningov\u00e1 mikina MADISON s 3D logom klubu \u0160K Bernol\u00e1kovo a n\u00e1pisom na zadnej strane<\/p>\n","protected":false},"featured_media":272978,"comment_status":"closed","ping_status":"closed","template":"","meta":{"_acf_changed":false},"product_brand":[],"product_cat":[3144],"product_tag":[],"class_list":{"0":"post-273117","1":"product","2":"type-product","3":"status-publish","4":"has-post-thumbnail","6":"product_cat-sk-bernolakovo","7":"pa_size-2yxs","8":"pa_size-yxs","9":"pa_size-xxs","10":"pa_size-xs","11":"pa_size-s","12":"pa_size-m","13":"pa_size-l","14":"pa_size-xl","15":"pa_size-2xl","16":"pa_size-3xl","18":"first","19":"instock","20":"taxable","21":"shipping-taxable","22":"purchasable","23":"product-type-variable"},"acf":[],"_links":{"self":[{"href":"https:\/\/www.elvesport.com\/it\/wp-json\/wp\/v2\/product\/273117","targetHints":{"allow":["GET"]}}],"collection":[{"href":"https:\/\/www.elvesport.com\/it\/wp-json\/wp\/v2\/product"}],"about":[{"href":"https:\/\/www.elvesport.com\/it\/wp-json\/wp\/v2\/types\/product"}],"replies":[{"embeddable":true,"href":"https:\/\/www.elvesport.com\/it\/wp-json\/wp\/v2\/comments?post=273117"}],"version-history":[{"count":1,"href":"https:\/\/www.elvesport.com\/it\/wp-json\/wp\/v2\/product\/273117\/revisions"}],"predecessor-version":[{"id":273118,"href":"https:\/\/www.elvesport.com\/it\/wp-json\/wp\/v2\/product\/273117\/revisions\/273118"}],"wp:featuredmedia":[{"embeddable":true,"href":"https:\/\/www.elvesport.com\/it\/wp-json\/wp\/v2\/media\/272978"}],"wp:attachment":[{"href":"https:\/\/www.elvesport.com\/it\/wp-json\/wp\/v2\/media?parent=273117"}],"wp:term":[{"taxonomy":"product_brand","embeddable":true,"href":"https:\/\/www.elvesport.com\/it\/wp-json\/wp\/v2\/product_brand?post=273117"},{"taxonomy":"product_cat","embeddable":true,"href":"https:\/\/www.elvesport.com\/it\/wp-json\/wp\/v2\/product_cat?post=273117"},{"taxonomy":"product_tag","embeddable":true,"href":"https:\/\/www.elvesport.com\/it\/wp-json\/wp\/v2\/product_tag?post=273117"}],"curies":[{"name":"wp","href":"https:\/\/api.w.org\/{rel}","templated":true}]}}