{"id":273584,"date":"2025-03-14T12:59:33","date_gmt":"2025-03-14T11:59:33","guid":{"rendered":"https:\/\/www.elvesport.com\/?post_type=product&#038;p=273584"},"modified":"2025-03-14T12:59:34","modified_gmt":"2025-03-14T11:59:34","slug":"uterak-osuska-sk-nova-dedinka","status":"publish","type":"product","link":"https:\/\/www.elvesport.com\/it\/uterak-osuska-sk-nova-dedinka\/","title":{"rendered":"UTER\u00c1K\/OSU\u0160KA \u0160K NOV\u00c1 DEDINKA"},"content":{"rendered":"","protected":false},"excerpt":{"rendered":"","protected":false},"featured_media":273586,"comment_status":"closed","ping_status":"closed","template":"","meta":{"_acf_changed":false},"product_brand":[],"product_cat":[3158],"product_tag":[],"class_list":{"0":"post-273584","1":"product","2":"type-product","3":"status-publish","4":"has-post-thumbnail","6":"product_cat-sk-nova-dedinka","7":"pa_size-140x70cm","8":"pa_size-105x50cm","9":"pa_size-50x30cm","11":"first","12":"instock","13":"taxable","14":"shipping-taxable","15":"purchasable","16":"product-type-variable"},"acf":[],"_links":{"self":[{"href":"https:\/\/www.elvesport.com\/it\/wp-json\/wp\/v2\/product\/273584","targetHints":{"allow":["GET"]}}],"collection":[{"href":"https:\/\/www.elvesport.com\/it\/wp-json\/wp\/v2\/product"}],"about":[{"href":"https:\/\/www.elvesport.com\/it\/wp-json\/wp\/v2\/types\/product"}],"replies":[{"embeddable":true,"href":"https:\/\/www.elvesport.com\/it\/wp-json\/wp\/v2\/comments?post=273584"}],"version-history":[{"count":1,"href":"https:\/\/www.elvesport.com\/it\/wp-json\/wp\/v2\/product\/273584\/revisions"}],"predecessor-version":[{"id":273590,"href":"https:\/\/www.elvesport.com\/it\/wp-json\/wp\/v2\/product\/273584\/revisions\/273590"}],"wp:featuredmedia":[{"embeddable":true,"href":"https:\/\/www.elvesport.com\/it\/wp-json\/wp\/v2\/media\/273586"}],"wp:attachment":[{"href":"https:\/\/www.elvesport.com\/it\/wp-json\/wp\/v2\/media?parent=273584"}],"wp:term":[{"taxonomy":"product_brand","embeddable":true,"href":"https:\/\/www.elvesport.com\/it\/wp-json\/wp\/v2\/product_brand?post=273584"},{"taxonomy":"product_cat","embeddable":true,"href":"https:\/\/www.elvesport.com\/it\/wp-json\/wp\/v2\/product_cat?post=273584"},{"taxonomy":"product_tag","embeddable":true,"href":"https:\/\/www.elvesport.com\/it\/wp-json\/wp\/v2\/product_tag?post=273584"}],"curies":[{"name":"wp","href":"https:\/\/api.w.org\/{rel}","templated":true}]}}