{"id":273591,"date":"2025-03-14T13:05:28","date_gmt":"2025-03-14T12:05:28","guid":{"rendered":"https:\/\/www.elvesport.com\/?post_type=product&#038;p=273591"},"modified":"2025-03-14T13:05:29","modified_gmt":"2025-03-14T12:05:29","slug":"zatepleny-nakrcnik-sk-nova-dedinka","status":"publish","type":"product","link":"https:\/\/www.elvesport.com\/it\/zatepleny-nakrcnik-sk-nova-dedinka\/","title":{"rendered":"ZATEPLEN\u00dd N\u00c1KR\u010cN\u00cdK \u0160K NOV\u00c1 DEDINKA"},"content":{"rendered":"","protected":false},"excerpt":{"rendered":"","protected":false},"featured_media":273592,"comment_status":"closed","ping_status":"closed","template":"","meta":{"_acf_changed":false},"product_brand":[],"product_cat":[3158],"product_tag":[],"class_list":{"0":"post-273591","1":"product","2":"type-product","3":"status-publish","4":"has-post-thumbnail","6":"product_cat-sk-nova-dedinka","8":"first","9":"instock","10":"taxable","11":"shipping-taxable","12":"purchasable","13":"product-type-simple"},"acf":[],"_links":{"self":[{"href":"https:\/\/www.elvesport.com\/it\/wp-json\/wp\/v2\/product\/273591","targetHints":{"allow":["GET"]}}],"collection":[{"href":"https:\/\/www.elvesport.com\/it\/wp-json\/wp\/v2\/product"}],"about":[{"href":"https:\/\/www.elvesport.com\/it\/wp-json\/wp\/v2\/types\/product"}],"replies":[{"embeddable":true,"href":"https:\/\/www.elvesport.com\/it\/wp-json\/wp\/v2\/comments?post=273591"}],"version-history":[{"count":1,"href":"https:\/\/www.elvesport.com\/it\/wp-json\/wp\/v2\/product\/273591\/revisions"}],"predecessor-version":[{"id":273593,"href":"https:\/\/www.elvesport.com\/it\/wp-json\/wp\/v2\/product\/273591\/revisions\/273593"}],"wp:featuredmedia":[{"embeddable":true,"href":"https:\/\/www.elvesport.com\/it\/wp-json\/wp\/v2\/media\/273592"}],"wp:attachment":[{"href":"https:\/\/www.elvesport.com\/it\/wp-json\/wp\/v2\/media?parent=273591"}],"wp:term":[{"taxonomy":"product_brand","embeddable":true,"href":"https:\/\/www.elvesport.com\/it\/wp-json\/wp\/v2\/product_brand?post=273591"},{"taxonomy":"product_cat","embeddable":true,"href":"https:\/\/www.elvesport.com\/it\/wp-json\/wp\/v2\/product_cat?post=273591"},{"taxonomy":"product_tag","embeddable":true,"href":"https:\/\/www.elvesport.com\/it\/wp-json\/wp\/v2\/product_tag?post=273591"}],"curies":[{"name":"wp","href":"https:\/\/api.w.org\/{rel}","templated":true}]}}