{"id":273622,"date":"2025-03-14T16:04:01","date_gmt":"2025-03-14T15:04:01","guid":{"rendered":"https:\/\/www.elvesport.com\/?post_type=product&#038;p=273622"},"modified":"2025-03-14T16:06:38","modified_gmt":"2025-03-14T15:06:38","slug":"latkovy-sal-vamos-volley-project-nitra","status":"publish","type":"product","link":"https:\/\/www.elvesport.com\/it\/latkovy-sal-vamos-volley-project-nitra\/","title":{"rendered":"L\u00c1TKOV\u00dd \u0160\u00c1L VAMOS! VOLLEY PROJECT NITRA"},"content":{"rendered":"","protected":false},"excerpt":{"rendered":"","protected":false},"featured_media":273625,"comment_status":"closed","ping_status":"closed","template":"","meta":{"_acf_changed":false},"product_brand":[],"product_cat":[3053],"product_tag":[],"class_list":{"0":"post-273622","1":"product","2":"type-product","3":"status-publish","4":"has-post-thumbnail","6":"product_cat-volley-project-nitra","8":"first","9":"instock","10":"taxable","11":"shipping-taxable","12":"purchasable","13":"product-type-simple"},"acf":[],"_links":{"self":[{"href":"https:\/\/www.elvesport.com\/it\/wp-json\/wp\/v2\/product\/273622","targetHints":{"allow":["GET"]}}],"collection":[{"href":"https:\/\/www.elvesport.com\/it\/wp-json\/wp\/v2\/product"}],"about":[{"href":"https:\/\/www.elvesport.com\/it\/wp-json\/wp\/v2\/types\/product"}],"replies":[{"embeddable":true,"href":"https:\/\/www.elvesport.com\/it\/wp-json\/wp\/v2\/comments?post=273622"}],"version-history":[{"count":2,"href":"https:\/\/www.elvesport.com\/it\/wp-json\/wp\/v2\/product\/273622\/revisions"}],"predecessor-version":[{"id":273624,"href":"https:\/\/www.elvesport.com\/it\/wp-json\/wp\/v2\/product\/273622\/revisions\/273624"}],"wp:featuredmedia":[{"embeddable":true,"href":"https:\/\/www.elvesport.com\/it\/wp-json\/wp\/v2\/media\/273625"}],"wp:attachment":[{"href":"https:\/\/www.elvesport.com\/it\/wp-json\/wp\/v2\/media?parent=273622"}],"wp:term":[{"taxonomy":"product_brand","embeddable":true,"href":"https:\/\/www.elvesport.com\/it\/wp-json\/wp\/v2\/product_brand?post=273622"},{"taxonomy":"product_cat","embeddable":true,"href":"https:\/\/www.elvesport.com\/it\/wp-json\/wp\/v2\/product_cat?post=273622"},{"taxonomy":"product_tag","embeddable":true,"href":"https:\/\/www.elvesport.com\/it\/wp-json\/wp\/v2\/product_tag?post=273622"}],"curies":[{"name":"wp","href":"https:\/\/api.w.org\/{rel}","templated":true}]}}