{"id":273736,"date":"2025-03-21T15:50:34","date_gmt":"2025-03-21T14:50:34","guid":{"rendered":"https:\/\/www.elvesport.com\/?post_type=product&#038;p=273736"},"modified":"2026-05-05T14:20:12","modified_gmt":"2026-05-05T12:20:12","slug":"treningovy-set-phoenix-sk-nova-dedinka","status":"publish","type":"product","link":"https:\/\/www.elvesport.com\/it\/treningovy-set-phoenix-sk-nova-dedinka\/","title":{"rendered":"TR\u00c9NINGOV\u00dd SET PHOENIX \u0160K NOV\u00c1 DEDINKA"},"content":{"rendered":"","protected":false},"excerpt":{"rendered":"<p class=\"\" data-start=\"0\" data-end=\"52\"><strong data-start=\"0\" data-end=\"50\">Tr\u00e9ningov\u00fd set \u0160K NOV\u00c1 DEDINKA (dres + trenky)<\/strong><\/p>\n<p class=\"\" data-start=\"54\" data-end=\"202\">Tr\u00e9ningov\u00fd set obsahuje dres a trenky s potla\u010dou <em data-start=\"103\" data-end=\"120\">\u0160K NOV\u00c1 DEDINKA<\/em> na chrbte. Vpredu je mo\u017enos\u0165 personaliz\u00e1cie mal\u00fdm \u010d\u00edslom (za pr\u00edplatok 1,80 \u20ac).<\/p>\n<p class=\"\" data-start=\"204\" data-end=\"415\">\ud83d\udd39 <strong data-start=\"207\" data-end=\"233\">Ofici\u00e1lny dizajn klubu<\/strong> \u2013 n\u00e1pis <em data-start=\"242\" data-end=\"259\">\u0160K NOV\u00c1 DEDINKA<\/em> na chrbte<br data-start=\"269\" data-end=\"272\" \/>\ud83d\udd39 <strong data-start=\"275\" data-end=\"293\">Personaliz\u00e1cia<\/strong> \u2013 mal\u00e9 \u010d\u00edslo vpredu (<em data-start=\"304\" data-end=\"368\">nezabudnite ho vyplni\u0165 v poli Personaliz\u00e1cia, inak tam nebude!<\/em>)<br data-start=\"357\" data-end=\"360\" \/>\ud83d\udd39 <strong data-start=\"363\" data-end=\"393\">Pohodln\u00fd a odoln\u00fd materi\u00e1l<\/strong> \u2013 ide\u00e1lny na tr\u00e9ningy<\/p>\n","protected":false},"featured_media":273936,"comment_status":"closed","ping_status":"closed","template":"","meta":{"_acf_changed":false},"product_brand":[],"product_cat":[3158],"product_tag":[],"class_list":{"0":"post-273736","1":"product","2":"type-product","3":"status-publish","4":"has-post-thumbnail","6":"product_cat-sk-nova-dedinka","7":"pa_size-8xs","8":"pa_size-7xs","9":"pa_size-6xs","10":"pa_size-5xs","11":"pa_size-4xs","12":"pa_size-3xs","13":"pa_size-2xs","14":"pa_size-xs","15":"pa_size-s","16":"pa_size-m","17":"pa_size-l","18":"pa_size-xl","19":"pa_size-2xl","20":"pa_size-3xl","21":"pa_znacka-joma","23":"first","24":"instock","25":"taxable","26":"shipping-taxable","27":"purchasable","28":"product-type-variable"},"acf":[],"_links":{"self":[{"href":"https:\/\/www.elvesport.com\/it\/wp-json\/wp\/v2\/product\/273736","targetHints":{"allow":["GET"]}}],"collection":[{"href":"https:\/\/www.elvesport.com\/it\/wp-json\/wp\/v2\/product"}],"about":[{"href":"https:\/\/www.elvesport.com\/it\/wp-json\/wp\/v2\/types\/product"}],"replies":[{"embeddable":true,"href":"https:\/\/www.elvesport.com\/it\/wp-json\/wp\/v2\/comments?post=273736"}],"version-history":[{"count":4,"href":"https:\/\/www.elvesport.com\/it\/wp-json\/wp\/v2\/product\/273736\/revisions"}],"predecessor-version":[{"id":304593,"href":"https:\/\/www.elvesport.com\/it\/wp-json\/wp\/v2\/product\/273736\/revisions\/304593"}],"wp:featuredmedia":[{"embeddable":true,"href":"https:\/\/www.elvesport.com\/it\/wp-json\/wp\/v2\/media\/273936"}],"wp:attachment":[{"href":"https:\/\/www.elvesport.com\/it\/wp-json\/wp\/v2\/media?parent=273736"}],"wp:term":[{"taxonomy":"product_brand","embeddable":true,"href":"https:\/\/www.elvesport.com\/it\/wp-json\/wp\/v2\/product_brand?post=273736"},{"taxonomy":"product_cat","embeddable":true,"href":"https:\/\/www.elvesport.com\/it\/wp-json\/wp\/v2\/product_cat?post=273736"},{"taxonomy":"product_tag","embeddable":true,"href":"https:\/\/www.elvesport.com\/it\/wp-json\/wp\/v2\/product_tag?post=273736"}],"curies":[{"name":"wp","href":"https:\/\/api.w.org\/{rel}","templated":true}]}}