{"id":273738,"date":"2025-03-21T15:53:44","date_gmt":"2025-03-21T14:53:44","guid":{"rendered":"https:\/\/www.elvesport.com\/?post_type=product&#038;p=273738"},"modified":"2025-03-31T16:31:00","modified_gmt":"2025-03-31T14:31:00","slug":"treningova-mikina-faraon-sk-nova-dedinka","status":"publish","type":"product","link":"https:\/\/www.elvesport.com\/it\/treningova-mikina-faraon-sk-nova-dedinka\/","title":{"rendered":"TR\u00c9NINGOV\u00c1 MIKINA FARAON \u0160K NOV\u00c1 DEDINKA"},"content":{"rendered":"","protected":false},"excerpt":{"rendered":"<p class=\"\" data-start=\"0\" data-end=\"39\"><strong data-start=\"0\" data-end=\"37\">Tr\u00e9ningov\u00e1 mikina \u0160K NOV\u00c1 DEDINKA<\/strong><\/p>\n<p class=\"\" data-start=\"41\" data-end=\"214\">Tr\u00e9ningov\u00e1 mikina s natla\u010den\u00fdm 3D logom vpredu a potla\u010dou <em data-start=\"96\" data-end=\"113\">\u0160K NOV\u00c1 DEDINKA<\/em> na chrbte. Z\u00e1kazn\u00edci si ju m\u00f4\u017eu personalizova\u0165 pridan\u00edm vlastn\u00fdch inici\u00e1lov (za pr\u00edplatok 0,90 \u20ac).<\/p>\n<p class=\"\" data-start=\"216\" data-end=\"497\">\ud83d\udd39 <strong data-start=\"219\" data-end=\"245\">Ofici\u00e1lny dizajn klubu<\/strong> \u2013 natla\u010den\u00e9 logo vpredu, potla\u010d <em data-start=\"278\" data-end=\"295\">\u0160K NOV\u00c1 DEDINKA<\/em> na chrbte<br data-start=\"305\" data-end=\"308\" \/>\ud83d\udd39 <strong data-start=\"311\" data-end=\"329\">Personaliz\u00e1cia<\/strong> \u2013 mo\u017enos\u0165 pridania inici\u00e1lov (<em data-start=\"360\" data-end=\"425\">nezabudnite ich vyplni\u0165 v poli Personaliz\u00e1cia, inak tam nebud\u00fa!<\/em>)<br data-start=\"426\" data-end=\"429\" \/>\ud83d\udd39 <strong data-start=\"432\" data-end=\"462\">Pohodln\u00fd a odoln\u00fd materi\u00e1l<\/strong> \u2013 ide\u00e1lny na tr\u00e9ningy aj vo\u013en\u00fd \u010das<\/p>\n","protected":false},"featured_media":273959,"comment_status":"closed","ping_status":"closed","template":"","meta":{"_acf_changed":false},"product_brand":[],"product_cat":[3158],"product_tag":[],"class_list":{"0":"post-273738","1":"product","2":"type-product","3":"status-publish","4":"has-post-thumbnail","6":"product_cat-sk-nova-dedinka","7":"pa_color-biela","8":"pa_color-cierna","9":"pa_size-6xs","10":"pa_size-5xs","11":"pa_size-3xs","12":"pa_size-2xs","13":"pa_size-xs","14":"pa_size-s","15":"pa_size-m","16":"pa_size-l","17":"pa_size-xl","18":"pa_size-2xl","19":"pa_znacka-joma","21":"first","22":"instock","23":"taxable","24":"shipping-taxable","25":"purchasable","26":"product-type-variable"},"acf":[],"_links":{"self":[{"href":"https:\/\/www.elvesport.com\/it\/wp-json\/wp\/v2\/product\/273738","targetHints":{"allow":["GET"]}}],"collection":[{"href":"https:\/\/www.elvesport.com\/it\/wp-json\/wp\/v2\/product"}],"about":[{"href":"https:\/\/www.elvesport.com\/it\/wp-json\/wp\/v2\/types\/product"}],"replies":[{"embeddable":true,"href":"https:\/\/www.elvesport.com\/it\/wp-json\/wp\/v2\/comments?post=273738"}],"version-history":[{"count":3,"href":"https:\/\/www.elvesport.com\/it\/wp-json\/wp\/v2\/product\/273738\/revisions"}],"predecessor-version":[{"id":273962,"href":"https:\/\/www.elvesport.com\/it\/wp-json\/wp\/v2\/product\/273738\/revisions\/273962"}],"wp:featuredmedia":[{"embeddable":true,"href":"https:\/\/www.elvesport.com\/it\/wp-json\/wp\/v2\/media\/273959"}],"wp:attachment":[{"href":"https:\/\/www.elvesport.com\/it\/wp-json\/wp\/v2\/media?parent=273738"}],"wp:term":[{"taxonomy":"product_brand","embeddable":true,"href":"https:\/\/www.elvesport.com\/it\/wp-json\/wp\/v2\/product_brand?post=273738"},{"taxonomy":"product_cat","embeddable":true,"href":"https:\/\/www.elvesport.com\/it\/wp-json\/wp\/v2\/product_cat?post=273738"},{"taxonomy":"product_tag","embeddable":true,"href":"https:\/\/www.elvesport.com\/it\/wp-json\/wp\/v2\/product_tag?post=273738"}],"curies":[{"name":"wp","href":"https:\/\/api.w.org\/{rel}","templated":true}]}}