{"id":274175,"date":"2025-04-29T12:48:47","date_gmt":"2025-04-29T10:48:47","guid":{"rendered":"https:\/\/www.elvesport.com\/?post_type=product&#038;p=274175"},"modified":"2025-04-29T12:48:48","modified_gmt":"2025-04-29T10:48:48","slug":"tricko-majsterky-4-4-piestanske-cajky","status":"publish","type":"product","link":"https:\/\/www.elvesport.com\/it\/tricko-majsterky-4-4-piestanske-cajky\/","title":{"rendered":"TRI\u010cKO MAJSTERKY 4\/4 PIE\u0160TANSK\u00c9 \u010cAJKY"},"content":{"rendered":"","protected":false},"excerpt":{"rendered":"","protected":false},"featured_media":274177,"comment_status":"closed","ping_status":"closed","template":"","meta":{"_acf_changed":false},"product_brand":[],"product_cat":[3027],"product_tag":[],"class_list":{"0":"post-274175","1":"product","2":"type-product","3":"status-publish","4":"has-post-thumbnail","6":"product_cat-piestanske-cajky","7":"pa_material-100-algodon","8":"pa_size-3yxs","9":"pa_size-2yxs","10":"pa_size-yxs","11":"pa_size-xxs","12":"pa_size-xs","13":"pa_size-s","14":"pa_size-m","15":"pa_size-l","16":"pa_size-xl","17":"pa_size-2xl","18":"pa_size-3xl","19":"pa_size-4xl","20":"pa_znacka-elve","22":"first","23":"instock","24":"taxable","25":"shipping-taxable","26":"purchasable","27":"product-type-variable"},"acf":[],"_links":{"self":[{"href":"https:\/\/www.elvesport.com\/it\/wp-json\/wp\/v2\/product\/274175","targetHints":{"allow":["GET"]}}],"collection":[{"href":"https:\/\/www.elvesport.com\/it\/wp-json\/wp\/v2\/product"}],"about":[{"href":"https:\/\/www.elvesport.com\/it\/wp-json\/wp\/v2\/types\/product"}],"replies":[{"embeddable":true,"href":"https:\/\/www.elvesport.com\/it\/wp-json\/wp\/v2\/comments?post=274175"}],"version-history":[{"count":1,"href":"https:\/\/www.elvesport.com\/it\/wp-json\/wp\/v2\/product\/274175\/revisions"}],"predecessor-version":[{"id":274190,"href":"https:\/\/www.elvesport.com\/it\/wp-json\/wp\/v2\/product\/274175\/revisions\/274190"}],"wp:featuredmedia":[{"embeddable":true,"href":"https:\/\/www.elvesport.com\/it\/wp-json\/wp\/v2\/media\/274177"}],"wp:attachment":[{"href":"https:\/\/www.elvesport.com\/it\/wp-json\/wp\/v2\/media?parent=274175"}],"wp:term":[{"taxonomy":"product_brand","embeddable":true,"href":"https:\/\/www.elvesport.com\/it\/wp-json\/wp\/v2\/product_brand?post=274175"},{"taxonomy":"product_cat","embeddable":true,"href":"https:\/\/www.elvesport.com\/it\/wp-json\/wp\/v2\/product_cat?post=274175"},{"taxonomy":"product_tag","embeddable":true,"href":"https:\/\/www.elvesport.com\/it\/wp-json\/wp\/v2\/product_tag?post=274175"}],"curies":[{"name":"wp","href":"https:\/\/api.w.org\/{rel}","templated":true}]}}