{"id":299500,"date":"2025-06-05T15:19:43","date_gmt":"2025-06-05T13:19:43","guid":{"rendered":"https:\/\/www.elvesport.com\/pallone-joma-fifa-pro-gioco-ii-punto17\/"},"modified":"2025-06-05T15:19:43","modified_gmt":"2025-06-05T13:19:43","slug":"pallone-joma-fifa-pro-gioco-ii-punto17","status":"publish","type":"product","link":"https:\/\/www.elvesport.com\/it\/pallone-joma-fifa-pro-gioco-ii-punto17\/","title":{"rendered":"PALLONE JOMA FIFA PRO GIOCO II PUNTO17"},"content":{"rendered":"","protected":false},"excerpt":{"rendered":"<p>Il pallone ufficiale della partita di addio di Marek Ham\u0161\u00edk con il logo PUNTO17 stampato sopra. Realizzato in poliuretano di alta qualit\u00e0, certificato FIFA PRO per uso professionale. Disponibile nella taglia 5.<\/p>\n","protected":false},"featured_media":299400,"comment_status":"closed","ping_status":"closed","template":"","meta":{"_acf_changed":false},"product_brand":[],"product_cat":[3362],"product_tag":[],"class_list":{"0":"post-299500","1":"product","2":"type-product","3":"status-publish","4":"has-post-thumbnail","6":"product_cat-nezaradene","7":"pa_size-1635","9":"first","10":"instock","11":"taxable","12":"shipping-taxable","13":"purchasable","14":"product-type-simple"},"acf":[],"_links":{"self":[{"href":"https:\/\/www.elvesport.com\/it\/wp-json\/wp\/v2\/product\/299500","targetHints":{"allow":["GET"]}}],"collection":[{"href":"https:\/\/www.elvesport.com\/it\/wp-json\/wp\/v2\/product"}],"about":[{"href":"https:\/\/www.elvesport.com\/it\/wp-json\/wp\/v2\/types\/product"}],"replies":[{"embeddable":true,"href":"https:\/\/www.elvesport.com\/it\/wp-json\/wp\/v2\/comments?post=299500"}],"version-history":[{"count":0,"href":"https:\/\/www.elvesport.com\/it\/wp-json\/wp\/v2\/product\/299500\/revisions"}],"wp:featuredmedia":[{"embeddable":true,"href":"https:\/\/www.elvesport.com\/it\/wp-json\/wp\/v2\/media\/299400"}],"wp:attachment":[{"href":"https:\/\/www.elvesport.com\/it\/wp-json\/wp\/v2\/media?parent=299500"}],"wp:term":[{"taxonomy":"product_brand","embeddable":true,"href":"https:\/\/www.elvesport.com\/it\/wp-json\/wp\/v2\/product_brand?post=299500"},{"taxonomy":"product_cat","embeddable":true,"href":"https:\/\/www.elvesport.com\/it\/wp-json\/wp\/v2\/product_cat?post=299500"},{"taxonomy":"product_tag","embeddable":true,"href":"https:\/\/www.elvesport.com\/it\/wp-json\/wp\/v2\/product_tag?post=299500"}],"curies":[{"name":"wp","href":"https:\/\/api.w.org\/{rel}","templated":true}]}}