{"id":299502,"date":"2025-06-05T15:26:36","date_gmt":"2025-06-05T13:26:36","guid":{"rendered":"https:\/\/www.elvesport.com\/tazza-punto17\/"},"modified":"2025-06-05T15:26:36","modified_gmt":"2025-06-05T13:26:36","slug":"tazza-punto17","status":"publish","type":"product","link":"https:\/\/www.elvesport.com\/it\/tazza-punto17\/","title":{"rendered":"TAZZA PUNTO17"},"content":{"rendered":"","protected":false},"excerpt":{"rendered":"<p>Elegante tazza in ceramica con grafica PUNTO17. Perfetto per il caff\u00e8 del mattino o come ricordo della partita di addio di Marek Ham\u0161\u00edk. La capacit\u00e0 della tazza \u00e8 di 350 ml.<\/p>\n","protected":false},"featured_media":299396,"comment_status":"closed","ping_status":"closed","template":"","meta":{"_acf_changed":false},"product_brand":[],"product_cat":[3362],"product_tag":[],"class_list":{"0":"post-299502","1":"product","2":"type-product","3":"status-publish","4":"has-post-thumbnail","6":"product_cat-nezaradene","8":"first","9":"instock","10":"sale","11":"taxable","12":"shipping-taxable","13":"purchasable","14":"product-type-simple"},"acf":[],"_links":{"self":[{"href":"https:\/\/www.elvesport.com\/it\/wp-json\/wp\/v2\/product\/299502","targetHints":{"allow":["GET"]}}],"collection":[{"href":"https:\/\/www.elvesport.com\/it\/wp-json\/wp\/v2\/product"}],"about":[{"href":"https:\/\/www.elvesport.com\/it\/wp-json\/wp\/v2\/types\/product"}],"replies":[{"embeddable":true,"href":"https:\/\/www.elvesport.com\/it\/wp-json\/wp\/v2\/comments?post=299502"}],"version-history":[{"count":0,"href":"https:\/\/www.elvesport.com\/it\/wp-json\/wp\/v2\/product\/299502\/revisions"}],"wp:featuredmedia":[{"embeddable":true,"href":"https:\/\/www.elvesport.com\/it\/wp-json\/wp\/v2\/media\/299396"}],"wp:attachment":[{"href":"https:\/\/www.elvesport.com\/it\/wp-json\/wp\/v2\/media?parent=299502"}],"wp:term":[{"taxonomy":"product_brand","embeddable":true,"href":"https:\/\/www.elvesport.com\/it\/wp-json\/wp\/v2\/product_brand?post=299502"},{"taxonomy":"product_cat","embeddable":true,"href":"https:\/\/www.elvesport.com\/it\/wp-json\/wp\/v2\/product_cat?post=299502"},{"taxonomy":"product_tag","embeddable":true,"href":"https:\/\/www.elvesport.com\/it\/wp-json\/wp\/v2\/product_tag?post=299502"}],"curies":[{"name":"wp","href":"https:\/\/api.w.org\/{rel}","templated":true}]}}