{"id":299608,"date":"2025-06-05T15:36:00","date_gmt":"2025-06-05T13:36:00","guid":{"rendered":"https:\/\/www.elvesport.com\/maglietta-bianca-punto17\/"},"modified":"2025-06-05T15:36:00","modified_gmt":"2025-06-05T13:36:00","slug":"maglietta-bianca-punto17","status":"publish","type":"product","link":"https:\/\/www.elvesport.com\/it\/maglietta-bianca-punto17\/","title":{"rendered":"MAGLIETTA BIANCA PUNTO17"},"content":{"rendered":"","protected":false},"excerpt":{"rendered":"<p data-start=\"114\" data-end=\"188\"><span class=\"relative -mx-px my-[-0.2rem] rounded px-px py-[0.2rem] transition-colors duration-100 ease-in-out\">T-shirt bianca con stampa PUNTO17. Il taglio comodo e il materiale di qualit\u00e0 garantiscono il comfort durante l&#8217;utilizzo. Ricordo ideale della partita di addio di Marek Ham\u0161\u00edk.  <\/span><\/p>\n","protected":false},"featured_media":304149,"comment_status":"closed","ping_status":"closed","template":"","meta":{"_acf_changed":false},"product_brand":[],"product_cat":[3362],"product_tag":[],"class_list":{"0":"post-299608","1":"product","2":"type-product","3":"status-publish","4":"has-post-thumbnail","6":"product_cat-nezaradene","7":"pa_color-bianco","8":"pa_material-100-algodon","9":"pa_size-3yxs","10":"pa_size-2yxs","11":"pa_size-yxs","12":"pa_size-xxs","13":"pa_size-xs","14":"pa_size-s","15":"pa_size-m","16":"pa_size-l","17":"pa_size-xl","18":"pa_size-2xl","19":"pa_size-3xl","20":"pa_size-4xl","22":"first","23":"instock","24":"sale","25":"taxable","26":"shipping-taxable","27":"purchasable","28":"product-type-variable"},"acf":[],"_links":{"self":[{"href":"https:\/\/www.elvesport.com\/it\/wp-json\/wp\/v2\/product\/299608","targetHints":{"allow":["GET"]}}],"collection":[{"href":"https:\/\/www.elvesport.com\/it\/wp-json\/wp\/v2\/product"}],"about":[{"href":"https:\/\/www.elvesport.com\/it\/wp-json\/wp\/v2\/types\/product"}],"replies":[{"embeddable":true,"href":"https:\/\/www.elvesport.com\/it\/wp-json\/wp\/v2\/comments?post=299608"}],"version-history":[{"count":0,"href":"https:\/\/www.elvesport.com\/it\/wp-json\/wp\/v2\/product\/299608\/revisions"}],"wp:featuredmedia":[{"embeddable":true,"href":"https:\/\/www.elvesport.com\/it\/wp-json\/wp\/v2\/media\/304149"}],"wp:attachment":[{"href":"https:\/\/www.elvesport.com\/it\/wp-json\/wp\/v2\/media?parent=299608"}],"wp:term":[{"taxonomy":"product_brand","embeddable":true,"href":"https:\/\/www.elvesport.com\/it\/wp-json\/wp\/v2\/product_brand?post=299608"},{"taxonomy":"product_cat","embeddable":true,"href":"https:\/\/www.elvesport.com\/it\/wp-json\/wp\/v2\/product_cat?post=299608"},{"taxonomy":"product_tag","embeddable":true,"href":"https:\/\/www.elvesport.com\/it\/wp-json\/wp\/v2\/product_tag?post=299608"}],"curies":[{"name":"wp","href":"https:\/\/api.w.org\/{rel}","templated":true}]}}