{"id":300504,"date":"2025-09-01T19:37:24","date_gmt":"2025-09-01T17:37:24","guid":{"rendered":"https:\/\/www.elvesport.com\/?post_type=product&#038;p=300504"},"modified":"2025-09-01T19:40:12","modified_gmt":"2025-09-01T17:40:12","slug":"tricko-oversize-classic-patrioti-levice-26","status":"publish","type":"product","link":"https:\/\/www.elvesport.com\/it\/tricko-oversize-classic-patrioti-levice-26\/","title":{"rendered":"TRI\u010cKO OVERSIZE CLASSIC PATRIOTI LEVICE 26"},"content":{"rendered":"","protected":false},"excerpt":{"rendered":"<p>POZOR, na v\u00fdber spr\u00e1vnej ve\u013ekosti. Tri\u010dk\u00e1 s\u00fa strihu OVERSIZE, to znamen\u00e1 v\u00e4\u010d\u0161ie ako v klasick\u00fdch strihoch. Odpor\u00fa\u010dame si pozrie\u0165 sprievodcu ve\u013ekos\u0165ami.<\/p>\n","protected":false},"featured_media":300412,"comment_status":"closed","ping_status":"closed","template":"","meta":{"_acf_changed":false},"product_brand":[],"product_cat":[2610],"product_tag":[],"class_list":{"0":"post-300504","1":"product","2":"type-product","3":"status-publish","4":"has-post-thumbnail","6":"product_cat-bk-patrioti-levice","7":"pa_color-biela","8":"pa_color-cierna","9":"pa_material-100-algodon","10":"pa_size-xs","11":"pa_size-s","12":"pa_size-m","13":"pa_size-l","14":"pa_size-xl","15":"pa_size-2xl","16":"pa_size-3xl","17":"pa_size-4xl","19":"first","20":"instock","21":"taxable","22":"shipping-taxable","23":"purchasable","24":"product-type-variable"},"acf":[],"_links":{"self":[{"href":"https:\/\/www.elvesport.com\/it\/wp-json\/wp\/v2\/product\/300504","targetHints":{"allow":["GET"]}}],"collection":[{"href":"https:\/\/www.elvesport.com\/it\/wp-json\/wp\/v2\/product"}],"about":[{"href":"https:\/\/www.elvesport.com\/it\/wp-json\/wp\/v2\/types\/product"}],"replies":[{"embeddable":true,"href":"https:\/\/www.elvesport.com\/it\/wp-json\/wp\/v2\/comments?post=300504"}],"version-history":[{"count":1,"href":"https:\/\/www.elvesport.com\/it\/wp-json\/wp\/v2\/product\/300504\/revisions"}],"predecessor-version":[{"id":300521,"href":"https:\/\/www.elvesport.com\/it\/wp-json\/wp\/v2\/product\/300504\/revisions\/300521"}],"wp:featuredmedia":[{"embeddable":true,"href":"https:\/\/www.elvesport.com\/it\/wp-json\/wp\/v2\/media\/300412"}],"wp:attachment":[{"href":"https:\/\/www.elvesport.com\/it\/wp-json\/wp\/v2\/media?parent=300504"}],"wp:term":[{"taxonomy":"product_brand","embeddable":true,"href":"https:\/\/www.elvesport.com\/it\/wp-json\/wp\/v2\/product_brand?post=300504"},{"taxonomy":"product_cat","embeddable":true,"href":"https:\/\/www.elvesport.com\/it\/wp-json\/wp\/v2\/product_cat?post=300504"},{"taxonomy":"product_tag","embeddable":true,"href":"https:\/\/www.elvesport.com\/it\/wp-json\/wp\/v2\/product_tag?post=300504"}],"curies":[{"name":"wp","href":"https:\/\/api.w.org\/{rel}","templated":true}]}}