{"id":301515,"date":"2025-10-07T15:05:14","date_gmt":"2025-10-07T13:05:14","guid":{"rendered":"https:\/\/www.elvesport.com\/?post_type=product&#038;p=301515"},"modified":"2025-11-07T15:06:29","modified_gmt":"2025-11-07T14:06:29","slug":"limitovana-edicia-sal-bcl-patrioti-levice-25-26","status":"publish","type":"product","link":"https:\/\/www.elvesport.com\/it\/limitovana-edicia-sal-bcl-patrioti-levice-25-26\/","title":{"rendered":"*LIMITOVAN\u00c1 ED\u00cdCIA* \u0160\u00c1L BCL PATRIOTI LEVICE 25\/26"},"content":{"rendered":"","protected":false},"excerpt":{"rendered":"","protected":false},"featured_media":301516,"comment_status":"closed","ping_status":"closed","template":"","meta":{"_acf_changed":false},"product_brand":[],"product_cat":[2610],"product_tag":[],"class_list":{"0":"post-301515","1":"product","2":"type-product","3":"status-publish","4":"has-post-thumbnail","6":"product_cat-bk-patrioti-levice","8":"first","9":"instock","10":"taxable","11":"shipping-taxable","12":"purchasable","13":"product-type-simple"},"acf":[],"_links":{"self":[{"href":"https:\/\/www.elvesport.com\/it\/wp-json\/wp\/v2\/product\/301515","targetHints":{"allow":["GET"]}}],"collection":[{"href":"https:\/\/www.elvesport.com\/it\/wp-json\/wp\/v2\/product"}],"about":[{"href":"https:\/\/www.elvesport.com\/it\/wp-json\/wp\/v2\/types\/product"}],"replies":[{"embeddable":true,"href":"https:\/\/www.elvesport.com\/it\/wp-json\/wp\/v2\/comments?post=301515"}],"version-history":[{"count":1,"href":"https:\/\/www.elvesport.com\/it\/wp-json\/wp\/v2\/product\/301515\/revisions"}],"predecessor-version":[{"id":301519,"href":"https:\/\/www.elvesport.com\/it\/wp-json\/wp\/v2\/product\/301515\/revisions\/301519"}],"wp:featuredmedia":[{"embeddable":true,"href":"https:\/\/www.elvesport.com\/it\/wp-json\/wp\/v2\/media\/301516"}],"wp:attachment":[{"href":"https:\/\/www.elvesport.com\/it\/wp-json\/wp\/v2\/media?parent=301515"}],"wp:term":[{"taxonomy":"product_brand","embeddable":true,"href":"https:\/\/www.elvesport.com\/it\/wp-json\/wp\/v2\/product_brand?post=301515"},{"taxonomy":"product_cat","embeddable":true,"href":"https:\/\/www.elvesport.com\/it\/wp-json\/wp\/v2\/product_cat?post=301515"},{"taxonomy":"product_tag","embeddable":true,"href":"https:\/\/www.elvesport.com\/it\/wp-json\/wp\/v2\/product_tag?post=301515"}],"curies":[{"name":"wp","href":"https:\/\/api.w.org\/{rel}","templated":true}]}}