{"id":302067,"date":"2025-12-01T18:19:58","date_gmt":"2025-12-01T17:19:58","guid":{"rendered":"https:\/\/www.elvesport.com\/?post_type=product&#038;p=302067"},"modified":"2025-12-01T18:20:00","modified_gmt":"2025-12-01T17:20:00","slug":"vlajka-150x100cm-stvorblok-patrioti-levice","status":"publish","type":"product","link":"https:\/\/www.elvesport.com\/it\/vlajka-150x100cm-stvorblok-patrioti-levice\/","title":{"rendered":"VLAJKA 150x100cm \u0160TVORBLOK PATRIOTI LEVICE"},"content":{"rendered":"","protected":false},"excerpt":{"rendered":"<p data-start=\"399\" data-end=\"522\">L\u00e1tkov\u00e1 sublimovan\u00e1 vlajka s rozlo\u017een\u00edm na \u0161tyri farebn\u00e9 \u0161tvorce a centr\u00e1lnym logom Patriotov.<br data-start=\"493\" data-end=\"496\" \/>Na boku je tunel na ty\u010dku.<\/p>\n<p data-start=\"524\" data-end=\"539\"><strong data-start=\"524\" data-end=\"539\">Vlastnosti:<\/strong><\/p>\n<ul data-start=\"540\" data-end=\"641\">\n<li data-start=\"540\" data-end=\"565\">\n<p data-start=\"542\" data-end=\"565\">\u0161tyri farebn\u00e9 \u0161tvorce<\/p>\n<\/li>\n<li data-start=\"566\" data-end=\"593\">\n<p data-start=\"568\" data-end=\"593\">logo Patriotov v strede<\/p>\n<\/li>\n<li data-start=\"594\" data-end=\"616\">\n<p data-start=\"596\" data-end=\"616\">sublimovan\u00e1 potla\u010d<\/p>\n<\/li>\n<li data-start=\"617\" data-end=\"641\">\n<p data-start=\"619\" data-end=\"641\">bo\u010dn\u00fd tunel na ty\u010dku<\/p>\n<\/li>\n<\/ul>\n","protected":false},"featured_media":302046,"comment_status":"closed","ping_status":"closed","template":"","meta":{"_acf_changed":false},"product_brand":[],"product_cat":[2610],"product_tag":[],"class_list":{"0":"post-302067","1":"product","2":"type-product","3":"status-publish","4":"has-post-thumbnail","6":"product_cat-bk-patrioti-levice","8":"first","9":"instock","10":"taxable","11":"shipping-taxable","12":"purchasable","13":"product-type-simple"},"acf":[],"_links":{"self":[{"href":"https:\/\/www.elvesport.com\/it\/wp-json\/wp\/v2\/product\/302067","targetHints":{"allow":["GET"]}}],"collection":[{"href":"https:\/\/www.elvesport.com\/it\/wp-json\/wp\/v2\/product"}],"about":[{"href":"https:\/\/www.elvesport.com\/it\/wp-json\/wp\/v2\/types\/product"}],"replies":[{"embeddable":true,"href":"https:\/\/www.elvesport.com\/it\/wp-json\/wp\/v2\/comments?post=302067"}],"version-history":[{"count":1,"href":"https:\/\/www.elvesport.com\/it\/wp-json\/wp\/v2\/product\/302067\/revisions"}],"predecessor-version":[{"id":302068,"href":"https:\/\/www.elvesport.com\/it\/wp-json\/wp\/v2\/product\/302067\/revisions\/302068"}],"wp:featuredmedia":[{"embeddable":true,"href":"https:\/\/www.elvesport.com\/it\/wp-json\/wp\/v2\/media\/302046"}],"wp:attachment":[{"href":"https:\/\/www.elvesport.com\/it\/wp-json\/wp\/v2\/media?parent=302067"}],"wp:term":[{"taxonomy":"product_brand","embeddable":true,"href":"https:\/\/www.elvesport.com\/it\/wp-json\/wp\/v2\/product_brand?post=302067"},{"taxonomy":"product_cat","embeddable":true,"href":"https:\/\/www.elvesport.com\/it\/wp-json\/wp\/v2\/product_cat?post=302067"},{"taxonomy":"product_tag","embeddable":true,"href":"https:\/\/www.elvesport.com\/it\/wp-json\/wp\/v2\/product_tag?post=302067"}],"curies":[{"name":"wp","href":"https:\/\/api.w.org\/{rel}","templated":true}]}}