{"id":302080,"date":"2024-07-25T18:45:48","date_gmt":"2024-07-25T16:45:48","guid":{"rendered":"https:\/\/www.elvesport.com\/?post_type=product&#038;p=302080"},"modified":"2026-03-10T11:20:59","modified_gmt":"2026-03-10T10:20:59","slug":"vlajocka-patrioti-levice","status":"publish","type":"product","link":"https:\/\/www.elvesport.com\/it\/vlajocka-patrioti-levice\/","title":{"rendered":"VLAJO\u010cKA PATRIOTI LEVICE"},"content":{"rendered":"","protected":false},"excerpt":{"rendered":"<p>Reprezenta\u010dn\u00e1 vlajo\u010dka z text\u00edlie so \u0161n\u00farkou na zavesenie. Vhodn\u00e1 ako dekorat\u00edvny klubov\u00fd doplnok. Kvalitn\u00e1 sublimovan\u00e1 potla\u010d s logom Patriotov a \u010dist\u00fdm klubov\u00fdm dizajnom.<\/p>\n","protected":false},"featured_media":302081,"comment_status":"closed","ping_status":"closed","template":"","meta":{"_acf_changed":false},"product_brand":[],"product_cat":[2610],"product_tag":[],"class_list":{"0":"post-302080","1":"product","2":"type-product","3":"status-publish","4":"has-post-thumbnail","6":"product_cat-bk-patrioti-levice","8":"first","9":"instock","10":"taxable","11":"shipping-taxable","12":"purchasable","13":"product-type-simple"},"acf":[],"_links":{"self":[{"href":"https:\/\/www.elvesport.com\/it\/wp-json\/wp\/v2\/product\/302080","targetHints":{"allow":["GET"]}}],"collection":[{"href":"https:\/\/www.elvesport.com\/it\/wp-json\/wp\/v2\/product"}],"about":[{"href":"https:\/\/www.elvesport.com\/it\/wp-json\/wp\/v2\/types\/product"}],"replies":[{"embeddable":true,"href":"https:\/\/www.elvesport.com\/it\/wp-json\/wp\/v2\/comments?post=302080"}],"version-history":[{"count":2,"href":"https:\/\/www.elvesport.com\/it\/wp-json\/wp\/v2\/product\/302080\/revisions"}],"predecessor-version":[{"id":302085,"href":"https:\/\/www.elvesport.com\/it\/wp-json\/wp\/v2\/product\/302080\/revisions\/302085"}],"wp:featuredmedia":[{"embeddable":true,"href":"https:\/\/www.elvesport.com\/it\/wp-json\/wp\/v2\/media\/302081"}],"wp:attachment":[{"href":"https:\/\/www.elvesport.com\/it\/wp-json\/wp\/v2\/media?parent=302080"}],"wp:term":[{"taxonomy":"product_brand","embeddable":true,"href":"https:\/\/www.elvesport.com\/it\/wp-json\/wp\/v2\/product_brand?post=302080"},{"taxonomy":"product_cat","embeddable":true,"href":"https:\/\/www.elvesport.com\/it\/wp-json\/wp\/v2\/product_cat?post=302080"},{"taxonomy":"product_tag","embeddable":true,"href":"https:\/\/www.elvesport.com\/it\/wp-json\/wp\/v2\/product_tag?post=302080"}],"curies":[{"name":"wp","href":"https:\/\/api.w.org\/{rel}","templated":true}]}}