{"id":302272,"date":"2025-12-02T13:08:24","date_gmt":"2025-12-02T12:08:24","guid":{"rendered":"https:\/\/www.elvesport.com\/?post_type=product&#038;p=302272"},"modified":"2025-12-03T13:21:42","modified_gmt":"2025-12-03T12:21:42","slug":"sustakova-bunda-1-4-zips-fk-dukla-praha","status":"publish","type":"product","link":"https:\/\/www.elvesport.com\/it\/sustakova-bunda-1-4-zips-fk-dukla-praha\/","title":{"rendered":"\u0160U\u0160T\u00c1KOV\u00c1 BUNDA 1\/4 ZIPS FK DUKLA PRAHA"},"content":{"rendered":"<p>78g\/m\u00b2, 100% polyester, pod\u0161\u00edvka: 130g\/m\u00b2, 100% polyesterov\u00e1 sie\u0165ovina<\/p>\n<p>stoja\u010dik s 1\/4 zipsom, kapuc\u0148a s vn\u00fatorn\u00fdm golierom,\u00a0 elastick\u00e9 man\u017eety na ruk\u00e1voch a spodnom leme, \u0161irok\u00e9 n\u00e1prsn\u00e9 vrecko s chlop\u0148ou a zipsom, \u013eahk\u00fd materi\u00e1l, nejde su\u0161i\u0165 v su\u0161i\u010dke, prate\u013en\u00e9 na 30\u00b0<\/p>\n","protected":false},"excerpt":{"rendered":"<p>&nbsp;<\/p>\n<p data-start=\"1274\" data-end=\"1447\">\u013dahk\u00e1 a praktick\u00e1 \u0161u\u0161t\u00e1kov\u00e1 bunda s 1\/4 zipsom, navrhnut\u00e1 v duchu Dukly. Skvel\u00e1 do premenliv\u00e9ho po\u010dasia.<\/p>\n","protected":false},"featured_media":302191,"comment_status":"closed","ping_status":"closed","template":"","meta":{"_acf_changed":false},"product_brand":[],"product_cat":[3351],"product_tag":[],"class_list":{"0":"post-302272","1":"product","2":"type-product","3":"status-publish","4":"has-post-thumbnail","6":"product_cat-fk-dukla-praha","7":"pa_color-cierna","8":"pa_material-100-poliester","9":"pa_size-s","10":"pa_size-m","11":"pa_size-l","12":"pa_size-xl","13":"pa_size-2xl","14":"pa_size-3xl","15":"pa_size-4xl","16":"pa_size-5xl","18":"first","19":"instock","20":"taxable","21":"shipping-taxable","22":"purchasable","23":"product-type-variable"},"acf":[],"_links":{"self":[{"href":"https:\/\/www.elvesport.com\/it\/wp-json\/wp\/v2\/product\/302272","targetHints":{"allow":["GET"]}}],"collection":[{"href":"https:\/\/www.elvesport.com\/it\/wp-json\/wp\/v2\/product"}],"about":[{"href":"https:\/\/www.elvesport.com\/it\/wp-json\/wp\/v2\/types\/product"}],"replies":[{"embeddable":true,"href":"https:\/\/www.elvesport.com\/it\/wp-json\/wp\/v2\/comments?post=302272"}],"version-history":[{"count":2,"href":"https:\/\/www.elvesport.com\/it\/wp-json\/wp\/v2\/product\/302272\/revisions"}],"predecessor-version":[{"id":302274,"href":"https:\/\/www.elvesport.com\/it\/wp-json\/wp\/v2\/product\/302272\/revisions\/302274"}],"wp:featuredmedia":[{"embeddable":true,"href":"https:\/\/www.elvesport.com\/it\/wp-json\/wp\/v2\/media\/302191"}],"wp:attachment":[{"href":"https:\/\/www.elvesport.com\/it\/wp-json\/wp\/v2\/media?parent=302272"}],"wp:term":[{"taxonomy":"product_brand","embeddable":true,"href":"https:\/\/www.elvesport.com\/it\/wp-json\/wp\/v2\/product_brand?post=302272"},{"taxonomy":"product_cat","embeddable":true,"href":"https:\/\/www.elvesport.com\/it\/wp-json\/wp\/v2\/product_cat?post=302272"},{"taxonomy":"product_tag","embeddable":true,"href":"https:\/\/www.elvesport.com\/it\/wp-json\/wp\/v2\/product_tag?post=302272"}],"curies":[{"name":"wp","href":"https:\/\/api.w.org\/{rel}","templated":true}]}}