{"id":302283,"date":"2025-12-02T13:24:22","date_gmt":"2025-12-02T12:24:22","guid":{"rendered":"https:\/\/www.elvesport.com\/?post_type=product&#038;p=302283"},"modified":"2025-12-02T13:31:29","modified_gmt":"2025-12-02T12:31:29","slug":"mikina-oversize-fk-dukla-praha","status":"publish","type":"product","link":"https:\/\/www.elvesport.com\/it\/mikina-oversize-fk-dukla-praha\/","title":{"rendered":"TRI\u010cKO OVERSIZE SIMPLE FK DUKLA PRAHA"},"content":{"rendered":"<p>240g\/m\u00b2, 100% bavlna<\/p>\n","protected":false},"excerpt":{"rendered":"<p>Modern\u00e9 oversize tri\u010dko s minimalistick\u00fdm dukl\u00e1ckym vzh\u013eadom. Vo\u013en\u00fd strih zaru\u010d\u00ed maxim\u00e1lne pohodlie aj \u0161t\u00fdl.<\/p>\n<p>POZOR, na v\u00fdber spr\u00e1vnej ve\u013ekosti. Tri\u010dk\u00e1 s\u00fa strihu OVERSIZE, to znamen\u00e1 v\u00e4\u010d\u0161ie ako v klasick\u00fdch strihoch. Odpor\u00fa\u010dame si pozrie\u0165 sprievodcu ve\u013ekos\u0165ami.<\/p>\n<p>&nbsp;<\/p>\n","protected":false},"featured_media":302179,"comment_status":"closed","ping_status":"closed","template":"","meta":{"_acf_changed":false},"product_brand":[],"product_cat":[3351],"product_tag":[],"class_list":{"0":"post-302283","1":"product","2":"type-product","3":"status-publish","4":"has-post-thumbnail","6":"product_cat-fk-dukla-praha","7":"pa_color-biela","8":"pa_color-tmavomodra","9":"pa_color-bordova","10":"pa_size-xs","11":"pa_size-s","12":"pa_size-m","13":"pa_size-l","14":"pa_size-xl","15":"pa_size-2xl","16":"pa_size-3xl","17":"pa_size-4xl","19":"first","20":"instock","21":"taxable","22":"shipping-taxable","23":"purchasable","24":"product-type-variable"},"acf":[],"_links":{"self":[{"href":"https:\/\/www.elvesport.com\/it\/wp-json\/wp\/v2\/product\/302283","targetHints":{"allow":["GET"]}}],"collection":[{"href":"https:\/\/www.elvesport.com\/it\/wp-json\/wp\/v2\/product"}],"about":[{"href":"https:\/\/www.elvesport.com\/it\/wp-json\/wp\/v2\/types\/product"}],"replies":[{"embeddable":true,"href":"https:\/\/www.elvesport.com\/it\/wp-json\/wp\/v2\/comments?post=302283"}],"version-history":[{"count":4,"href":"https:\/\/www.elvesport.com\/it\/wp-json\/wp\/v2\/product\/302283\/revisions"}],"predecessor-version":[{"id":302311,"href":"https:\/\/www.elvesport.com\/it\/wp-json\/wp\/v2\/product\/302283\/revisions\/302311"}],"wp:featuredmedia":[{"embeddable":true,"href":"https:\/\/www.elvesport.com\/it\/wp-json\/wp\/v2\/media\/302179"}],"wp:attachment":[{"href":"https:\/\/www.elvesport.com\/it\/wp-json\/wp\/v2\/media?parent=302283"}],"wp:term":[{"taxonomy":"product_brand","embeddable":true,"href":"https:\/\/www.elvesport.com\/it\/wp-json\/wp\/v2\/product_brand?post=302283"},{"taxonomy":"product_cat","embeddable":true,"href":"https:\/\/www.elvesport.com\/it\/wp-json\/wp\/v2\/product_cat?post=302283"},{"taxonomy":"product_tag","embeddable":true,"href":"https:\/\/www.elvesport.com\/it\/wp-json\/wp\/v2\/product_tag?post=302283"}],"curies":[{"name":"wp","href":"https:\/\/api.w.org\/{rel}","templated":true}]}}