{"id":302312,"date":"2025-12-02T13:33:11","date_gmt":"2025-12-02T12:33:11","guid":{"rendered":"https:\/\/www.elvesport.com\/?post_type=product&#038;p=302312"},"modified":"2025-12-02T13:52:59","modified_gmt":"2025-12-02T12:52:59","slug":"mikina-oversize-fk-dukla-praha-2","status":"publish","type":"product","link":"https:\/\/www.elvesport.com\/it\/mikina-oversize-fk-dukla-praha-2\/","title":{"rendered":"MIKINA OVERSIZE SIMPLE FK DUKLA PRAHA"},"content":{"rendered":"<p>330g\/m\u00b2, 70% bavlna, 30%\u00a0<span class=\"lexicon-tooltip border-b border-black border-dotted\">polyester<\/span><\/p>\n","protected":false},"excerpt":{"rendered":"<p>Modern\u00e1 oversize mikina s ikonick\u00fdm dukl\u00e1ckym prvkom. Ide\u00e1lna pre t\u00fdch, ktor\u00ed chc\u00fa spoji\u0165 komfort a klubov\u00fd \u0161t\u00fdl v jednom.<\/p>\n<p>POZOR, na v\u00fdber spr\u00e1vnej ve\u013ekosti. Tri\u010dk\u00e1 s\u00fa strihu OVERSIZE, to znamen\u00e1 v\u00e4\u010d\u0161ie ako v klasick\u00fdch strihoch. Odpor\u00fa\u010dame si pozrie\u0165 sprievodcu ve\u013ekos\u0165ami.<\/p>\n","protected":false},"featured_media":302185,"comment_status":"closed","ping_status":"closed","template":"","meta":{"_acf_changed":false},"product_brand":[],"product_cat":[3351],"product_tag":[],"class_list":{"0":"post-302312","1":"product","2":"type-product","3":"status-publish","4":"has-post-thumbnail","6":"product_cat-fk-dukla-praha","7":"pa_color-siva","8":"pa_color-cierna","9":"pa_size-s","10":"pa_size-m","11":"pa_size-l","12":"pa_size-xl","13":"pa_size-2xl","14":"pa_size-3xl","15":"pa_size-4xl","16":"pa_size-5xl","18":"first","19":"instock","20":"taxable","21":"shipping-taxable","22":"purchasable","23":"product-type-variable"},"acf":[],"_links":{"self":[{"href":"https:\/\/www.elvesport.com\/it\/wp-json\/wp\/v2\/product\/302312","targetHints":{"allow":["GET"]}}],"collection":[{"href":"https:\/\/www.elvesport.com\/it\/wp-json\/wp\/v2\/product"}],"about":[{"href":"https:\/\/www.elvesport.com\/it\/wp-json\/wp\/v2\/types\/product"}],"replies":[{"embeddable":true,"href":"https:\/\/www.elvesport.com\/it\/wp-json\/wp\/v2\/comments?post=302312"}],"version-history":[{"count":6,"href":"https:\/\/www.elvesport.com\/it\/wp-json\/wp\/v2\/product\/302312\/revisions"}],"predecessor-version":[{"id":302319,"href":"https:\/\/www.elvesport.com\/it\/wp-json\/wp\/v2\/product\/302312\/revisions\/302319"}],"wp:featuredmedia":[{"embeddable":true,"href":"https:\/\/www.elvesport.com\/it\/wp-json\/wp\/v2\/media\/302185"}],"wp:attachment":[{"href":"https:\/\/www.elvesport.com\/it\/wp-json\/wp\/v2\/media?parent=302312"}],"wp:term":[{"taxonomy":"product_brand","embeddable":true,"href":"https:\/\/www.elvesport.com\/it\/wp-json\/wp\/v2\/product_brand?post=302312"},{"taxonomy":"product_cat","embeddable":true,"href":"https:\/\/www.elvesport.com\/it\/wp-json\/wp\/v2\/product_cat?post=302312"},{"taxonomy":"product_tag","embeddable":true,"href":"https:\/\/www.elvesport.com\/it\/wp-json\/wp\/v2\/product_tag?post=302312"}],"curies":[{"name":"wp","href":"https:\/\/api.w.org\/{rel}","templated":true}]}}