{"id":302412,"date":"2025-12-02T15:11:02","date_gmt":"2025-12-02T14:11:02","guid":{"rendered":"https:\/\/www.elvesport.com\/?post_type=product&#038;p=302412"},"modified":"2025-12-03T13:24:21","modified_gmt":"2025-12-03T12:24:21","slug":"mikina-classic-fk-dukla-praha","status":"publish","type":"product","link":"https:\/\/www.elvesport.com\/it\/mikina-classic-fk-dukla-praha\/","title":{"rendered":"MIKINA CLASSIC FK DUKLA PRAHA"},"content":{"rendered":"<p>280g\/m\u00b2, 80% prstencov\u00e1 bavlna, 20% recyklovan\u00fd\u00a0<span class=\"lexicon-tooltip border-b border-black border-dotted\">polyester<\/span><\/p>\n<p>Pod\u0161it\u00e1 kapuc\u0148a so \u0161n\u00farkou, polmesiacov\u00e1 pods\u00e1dka na krku, kr\u010dn\u00e1 lemovka, vsaden\u00e9 ruk\u00e1vy, rebrovan\u00e9 man\u017eety na ruk\u00e1voch a leme, klokanie vrecko, kovov\u00e9 o\u010dk\u00e1, vn\u00fatri po\u010desan\u00e9, prate\u013en\u00e9 na 40 \u00b0, nemo\u017eno su\u0161i\u0165 v su\u0161i\u010dke<\/p>\n","protected":false},"excerpt":{"rendered":"<p>Pohodln\u00e1 mikina s \u010dist\u00fdm dukl\u00e1ckym dizajnom, vhodn\u00e1 na ka\u017ed\u00fd de\u0148.<\/p>\n","protected":false},"featured_media":302170,"comment_status":"closed","ping_status":"closed","template":"","meta":{"_acf_changed":false},"product_brand":[],"product_cat":[3351],"product_tag":[],"class_list":{"0":"post-302412","1":"product","2":"type-product","3":"status-publish","4":"has-post-thumbnail","6":"product_cat-fk-dukla-praha","7":"pa_color-zlta","8":"pa_color-tmavomodra","9":"pa_color-bordova","10":"pa_size-3yxs","11":"pa_size-2yxs","12":"pa_size-yxs","13":"pa_size-xxs","14":"pa_size-xs","15":"pa_size-s","16":"pa_size-m","17":"pa_size-l","18":"pa_size-xl","19":"pa_size-2xl","20":"pa_size-3xl","21":"pa_size-4xl","22":"pa_size-5xl","24":"first","25":"instock","26":"taxable","27":"shipping-taxable","28":"purchasable","29":"product-type-variable"},"acf":[],"_links":{"self":[{"href":"https:\/\/www.elvesport.com\/it\/wp-json\/wp\/v2\/product\/302412","targetHints":{"allow":["GET"]}}],"collection":[{"href":"https:\/\/www.elvesport.com\/it\/wp-json\/wp\/v2\/product"}],"about":[{"href":"https:\/\/www.elvesport.com\/it\/wp-json\/wp\/v2\/types\/product"}],"replies":[{"embeddable":true,"href":"https:\/\/www.elvesport.com\/it\/wp-json\/wp\/v2\/comments?post=302412"}],"version-history":[{"count":2,"href":"https:\/\/www.elvesport.com\/it\/wp-json\/wp\/v2\/product\/302412\/revisions"}],"predecessor-version":[{"id":302454,"href":"https:\/\/www.elvesport.com\/it\/wp-json\/wp\/v2\/product\/302412\/revisions\/302454"}],"wp:featuredmedia":[{"embeddable":true,"href":"https:\/\/www.elvesport.com\/it\/wp-json\/wp\/v2\/media\/302170"}],"wp:attachment":[{"href":"https:\/\/www.elvesport.com\/it\/wp-json\/wp\/v2\/media?parent=302412"}],"wp:term":[{"taxonomy":"product_brand","embeddable":true,"href":"https:\/\/www.elvesport.com\/it\/wp-json\/wp\/v2\/product_brand?post=302412"},{"taxonomy":"product_cat","embeddable":true,"href":"https:\/\/www.elvesport.com\/it\/wp-json\/wp\/v2\/product_cat?post=302412"},{"taxonomy":"product_tag","embeddable":true,"href":"https:\/\/www.elvesport.com\/it\/wp-json\/wp\/v2\/product_tag?post=302412"}],"curies":[{"name":"wp","href":"https:\/\/api.w.org\/{rel}","templated":true}]}}