{"id":302461,"date":"2025-12-02T15:27:46","date_gmt":"2025-12-02T14:27:46","guid":{"rendered":"https:\/\/www.elvesport.com\/?post_type=product&#038;p=302461"},"modified":"2025-12-02T15:40:48","modified_gmt":"2025-12-02T14:40:48","slug":"tricko-dukelska-krev-fk-dukla-praha","status":"publish","type":"product","link":"https:\/\/www.elvesport.com\/it\/tricko-dukelska-krev-fk-dukla-praha\/","title":{"rendered":"TRI\u010cKO DUKELSK\u00c1 KREV FK DUKLA PRAHA"},"content":{"rendered":"<p>185g\/m\u00b2, 100%\u00a0 bavlna<\/p>\n","protected":false},"excerpt":{"rendered":"<p>\u0160t\u00fdlov\u00e9 tri\u010dko s v\u00fdraznou klubovou identitou. Perfektn\u00e1 vo\u013eba pre ka\u017ed\u00e9ho, kto chce nosi\u0165 Duklu s hrdos\u0165ou v be\u017en\u00fd de\u0148 aj na z\u00e1pase.<\/p>\n","protected":false},"featured_media":302209,"comment_status":"closed","ping_status":"closed","template":"","meta":{"_acf_changed":false},"product_brand":[],"product_cat":[3351],"product_tag":[],"class_list":{"0":"post-302461","1":"product","2":"type-product","3":"status-publish","4":"has-post-thumbnail","6":"product_cat-fk-dukla-praha","7":"pa_color-zlta","8":"pa_color-tmavomodra","9":"pa_color-cierna","10":"pa_color-bordova","11":"pa_size-3yxs","12":"pa_size-2yxs","13":"pa_size-yxs","14":"pa_size-xxs","15":"pa_size-xs","16":"pa_size-s","17":"pa_size-m","18":"pa_size-l","19":"pa_size-xl","20":"pa_size-2xl","21":"pa_size-3xl","22":"pa_size-4xl","23":"pa_size-5xl","25":"first","26":"instock","27":"taxable","28":"shipping-taxable","29":"purchasable","30":"product-type-variable"},"acf":[],"_links":{"self":[{"href":"https:\/\/www.elvesport.com\/it\/wp-json\/wp\/v2\/product\/302461","targetHints":{"allow":["GET"]}}],"collection":[{"href":"https:\/\/www.elvesport.com\/it\/wp-json\/wp\/v2\/product"}],"about":[{"href":"https:\/\/www.elvesport.com\/it\/wp-json\/wp\/v2\/types\/product"}],"replies":[{"embeddable":true,"href":"https:\/\/www.elvesport.com\/it\/wp-json\/wp\/v2\/comments?post=302461"}],"version-history":[{"count":3,"href":"https:\/\/www.elvesport.com\/it\/wp-json\/wp\/v2\/product\/302461\/revisions"}],"predecessor-version":[{"id":302514,"href":"https:\/\/www.elvesport.com\/it\/wp-json\/wp\/v2\/product\/302461\/revisions\/302514"}],"wp:featuredmedia":[{"embeddable":true,"href":"https:\/\/www.elvesport.com\/it\/wp-json\/wp\/v2\/media\/302209"}],"wp:attachment":[{"href":"https:\/\/www.elvesport.com\/it\/wp-json\/wp\/v2\/media?parent=302461"}],"wp:term":[{"taxonomy":"product_brand","embeddable":true,"href":"https:\/\/www.elvesport.com\/it\/wp-json\/wp\/v2\/product_brand?post=302461"},{"taxonomy":"product_cat","embeddable":true,"href":"https:\/\/www.elvesport.com\/it\/wp-json\/wp\/v2\/product_cat?post=302461"},{"taxonomy":"product_tag","embeddable":true,"href":"https:\/\/www.elvesport.com\/it\/wp-json\/wp\/v2\/product_tag?post=302461"}],"curies":[{"name":"wp","href":"https:\/\/api.w.org\/{rel}","templated":true}]}}