{"id":302661,"date":"2025-12-02T16:16:27","date_gmt":"2025-12-02T15:16:27","guid":{"rendered":"https:\/\/www.elvesport.com\/?post_type=product&#038;p=302661"},"modified":"2025-12-02T16:16:28","modified_gmt":"2025-12-02T15:16:28","slug":"latkovy-sal-viktoria-zizkov","status":"publish","type":"product","link":"https:\/\/www.elvesport.com\/it\/latkovy-sal-viktoria-zizkov\/","title":{"rendered":"L\u00c1TKOV\u00dd \u0160\u00c1L VIKTORIA \u017dI\u017dKOV"},"content":{"rendered":"","protected":false},"excerpt":{"rendered":"<p>Fan\u00fa\u0161ikovsk\u00fd \u0161\u00e1l Viktorie \u017di\u017ekov \u2014 povinn\u00e1 v\u00fdbava na ka\u017ed\u00fd z\u00e1pas!<\/p>\n","protected":false},"featured_media":302600,"comment_status":"closed","ping_status":"closed","template":"","meta":{"_acf_changed":false},"product_brand":[],"product_cat":[3358],"product_tag":[],"class_list":{"0":"post-302661","1":"product","2":"type-product","3":"status-publish","4":"has-post-thumbnail","6":"product_cat-fk-viktoria-zizkov","8":"first","9":"instock","10":"taxable","11":"shipping-taxable","12":"purchasable","13":"product-type-simple"},"acf":[],"_links":{"self":[{"href":"https:\/\/www.elvesport.com\/it\/wp-json\/wp\/v2\/product\/302661","targetHints":{"allow":["GET"]}}],"collection":[{"href":"https:\/\/www.elvesport.com\/it\/wp-json\/wp\/v2\/product"}],"about":[{"href":"https:\/\/www.elvesport.com\/it\/wp-json\/wp\/v2\/types\/product"}],"replies":[{"embeddable":true,"href":"https:\/\/www.elvesport.com\/it\/wp-json\/wp\/v2\/comments?post=302661"}],"version-history":[{"count":2,"href":"https:\/\/www.elvesport.com\/it\/wp-json\/wp\/v2\/product\/302661\/revisions"}],"predecessor-version":[{"id":302663,"href":"https:\/\/www.elvesport.com\/it\/wp-json\/wp\/v2\/product\/302661\/revisions\/302663"}],"wp:featuredmedia":[{"embeddable":true,"href":"https:\/\/www.elvesport.com\/it\/wp-json\/wp\/v2\/media\/302600"}],"wp:attachment":[{"href":"https:\/\/www.elvesport.com\/it\/wp-json\/wp\/v2\/media?parent=302661"}],"wp:term":[{"taxonomy":"product_brand","embeddable":true,"href":"https:\/\/www.elvesport.com\/it\/wp-json\/wp\/v2\/product_brand?post=302661"},{"taxonomy":"product_cat","embeddable":true,"href":"https:\/\/www.elvesport.com\/it\/wp-json\/wp\/v2\/product_cat?post=302661"},{"taxonomy":"product_tag","embeddable":true,"href":"https:\/\/www.elvesport.com\/it\/wp-json\/wp\/v2\/product_tag?post=302661"}],"curies":[{"name":"wp","href":"https:\/\/api.w.org\/{rel}","templated":true}]}}