{"id":302670,"date":"2025-12-02T16:23:42","date_gmt":"2025-12-02T15:23:42","guid":{"rendered":"https:\/\/www.elvesport.com\/?post_type=product&#038;p=302670"},"modified":"2025-12-02T16:25:59","modified_gmt":"2025-12-02T15:25:59","slug":"uterak-osuska-viktoria-zizkov","status":"publish","type":"product","link":"https:\/\/www.elvesport.com\/it\/uterak-osuska-viktoria-zizkov\/","title":{"rendered":"UTER\u00c1K \/ OSU\u0160KA VIKTORIA \u017dI\u017dKOV"},"content":{"rendered":"","protected":false},"excerpt":{"rendered":"<p data-start=\"1496\" data-end=\"1602\"><strong data-start=\"1496\" data-end=\"1515\">Uter\u00e1k 50\u00d730 cm<\/strong><br data-start=\"1515\" data-end=\"1518\" \/>Mal\u00fd uter\u00e1k s klubov\u00fdm dizajnom. Ide\u00e1lny do telocvi\u010dne alebo na ka\u017edodenn\u00e9 pou\u017eitie.<\/p>\n<p data-start=\"1604\" data-end=\"1693\"><strong data-start=\"1604\" data-end=\"1624\">Uter\u00e1k 100\u00d750 cm<\/strong><br data-start=\"1624\" data-end=\"1627\" \/>Univerz\u00e1lny uter\u00e1k so \u017ei\u017ekovsk\u00fdm mot\u00edvom. Skvel\u00fd na \u0161port \u010di doma.<\/p>\n<p data-start=\"1695\" data-end=\"1798\"><strong data-start=\"1695\" data-end=\"1715\">Osu\u0161ka 140\u00d790 cm<\/strong><br data-start=\"1715\" data-end=\"1718\" \/>Ve\u013ek\u00fd a m\u00e4kk\u00fd uter\u00e1k s v\u00fdrazn\u00fdm klubov\u00fdm dizajnom. Perfektn\u00fd na pl\u00e1\u017e aj k\u00fape\u013e\u0148u.<\/p>\n","protected":false},"featured_media":302630,"comment_status":"closed","ping_status":"closed","template":"","meta":{"_acf_changed":false},"product_brand":[],"product_cat":[3358],"product_tag":[],"class_list":{"0":"post-302670","1":"product","2":"type-product","3":"status-publish","4":"has-post-thumbnail","6":"product_cat-fk-viktoria-zizkov","7":"pa_size-140x70cm","8":"pa_size-105x50cm","9":"pa_size-50x30cm","11":"first","12":"instock","13":"taxable","14":"shipping-taxable","15":"purchasable","16":"product-type-variable"},"acf":[],"_links":{"self":[{"href":"https:\/\/www.elvesport.com\/it\/wp-json\/wp\/v2\/product\/302670","targetHints":{"allow":["GET"]}}],"collection":[{"href":"https:\/\/www.elvesport.com\/it\/wp-json\/wp\/v2\/product"}],"about":[{"href":"https:\/\/www.elvesport.com\/it\/wp-json\/wp\/v2\/types\/product"}],"replies":[{"embeddable":true,"href":"https:\/\/www.elvesport.com\/it\/wp-json\/wp\/v2\/comments?post=302670"}],"version-history":[{"count":1,"href":"https:\/\/www.elvesport.com\/it\/wp-json\/wp\/v2\/product\/302670\/revisions"}],"predecessor-version":[{"id":302674,"href":"https:\/\/www.elvesport.com\/it\/wp-json\/wp\/v2\/product\/302670\/revisions\/302674"}],"wp:featuredmedia":[{"embeddable":true,"href":"https:\/\/www.elvesport.com\/it\/wp-json\/wp\/v2\/media\/302630"}],"wp:attachment":[{"href":"https:\/\/www.elvesport.com\/it\/wp-json\/wp\/v2\/media?parent=302670"}],"wp:term":[{"taxonomy":"product_brand","embeddable":true,"href":"https:\/\/www.elvesport.com\/it\/wp-json\/wp\/v2\/product_brand?post=302670"},{"taxonomy":"product_cat","embeddable":true,"href":"https:\/\/www.elvesport.com\/it\/wp-json\/wp\/v2\/product_cat?post=302670"},{"taxonomy":"product_tag","embeddable":true,"href":"https:\/\/www.elvesport.com\/it\/wp-json\/wp\/v2\/product_tag?post=302670"}],"curies":[{"name":"wp","href":"https:\/\/api.w.org\/{rel}","templated":true}]}}