{"id":302678,"date":"2025-12-02T16:35:47","date_gmt":"2025-12-02T15:35:47","guid":{"rendered":"https:\/\/www.elvesport.com\/?post_type=product&#038;p=302678"},"modified":"2025-12-05T04:15:01","modified_gmt":"2025-12-05T03:15:01","slug":"mikina-crew-viktoria-zizkov","status":"publish","type":"product","link":"https:\/\/www.elvesport.com\/it\/mikina-crew-viktoria-zizkov\/","title":{"rendered":"MIKINA CREW VIKTORIA \u017dI\u017dKOV \u010cERVEN\u00c1"},"content":{"rendered":"<p>280g\/m\u00b2, 80% predpran\u00e1 prstencov\u00e1 bavlna, 20% recyklovan\u00fd <span class=\"lexicon-tooltip border-b border-black border-dotted\">polyester<\/span><\/p>\n","protected":false},"excerpt":{"rendered":"<p>Jednoduch\u00e1 a pr\u00edjemn\u00e1 mikina s klubov\u00fdm dizajnom. Perfektn\u00e1 na be\u017en\u00e9 nosenie<\/p>\n","protected":false},"featured_media":302609,"comment_status":"closed","ping_status":"closed","template":"","meta":{"_acf_changed":false},"product_brand":[],"product_cat":[3358],"product_tag":[],"class_list":{"0":"post-302678","1":"product","2":"type-product","3":"status-publish","4":"has-post-thumbnail","6":"product_cat-fk-viktoria-zizkov","7":"pa_color-cervena","8":"pa_size-xs","9":"pa_size-s","10":"pa_size-m","11":"pa_size-l","12":"pa_size-xl","13":"pa_size-2xl","14":"pa_size-3xl","15":"pa_size-4xl","16":"pa_size-5xl","18":"first","19":"instock","20":"taxable","21":"shipping-taxable","22":"purchasable","23":"product-type-variable"},"acf":[],"_links":{"self":[{"href":"https:\/\/www.elvesport.com\/it\/wp-json\/wp\/v2\/product\/302678","targetHints":{"allow":["GET"]}}],"collection":[{"href":"https:\/\/www.elvesport.com\/it\/wp-json\/wp\/v2\/product"}],"about":[{"href":"https:\/\/www.elvesport.com\/it\/wp-json\/wp\/v2\/types\/product"}],"replies":[{"embeddable":true,"href":"https:\/\/www.elvesport.com\/it\/wp-json\/wp\/v2\/comments?post=302678"}],"version-history":[{"count":5,"href":"https:\/\/www.elvesport.com\/it\/wp-json\/wp\/v2\/product\/302678\/revisions"}],"predecessor-version":[{"id":302830,"href":"https:\/\/www.elvesport.com\/it\/wp-json\/wp\/v2\/product\/302678\/revisions\/302830"}],"wp:featuredmedia":[{"embeddable":true,"href":"https:\/\/www.elvesport.com\/it\/wp-json\/wp\/v2\/media\/302609"}],"wp:attachment":[{"href":"https:\/\/www.elvesport.com\/it\/wp-json\/wp\/v2\/media?parent=302678"}],"wp:term":[{"taxonomy":"product_brand","embeddable":true,"href":"https:\/\/www.elvesport.com\/it\/wp-json\/wp\/v2\/product_brand?post=302678"},{"taxonomy":"product_cat","embeddable":true,"href":"https:\/\/www.elvesport.com\/it\/wp-json\/wp\/v2\/product_cat?post=302678"},{"taxonomy":"product_tag","embeddable":true,"href":"https:\/\/www.elvesport.com\/it\/wp-json\/wp\/v2\/product_tag?post=302678"}],"curies":[{"name":"wp","href":"https:\/\/api.w.org\/{rel}","templated":true}]}}