{"id":303551,"date":"2026-02-10T09:19:40","date_gmt":"2026-02-10T08:19:40","guid":{"rendered":"https:\/\/www.elvesport.com\/?post_type=product&#038;p=303551"},"modified":"2026-02-12T10:27:34","modified_gmt":"2026-02-12T09:27:34","slug":"vychadzkovy-set-phoenix-fk-raca","status":"publish","type":"product","link":"https:\/\/www.elvesport.com\/it\/vychadzkovy-set-phoenix-fk-raca\/","title":{"rendered":"VYCH\u00c1DZKOV\u00dd SET PHOENIX FK RA\u010cA"},"content":{"rendered":"","protected":false},"excerpt":{"rendered":"<p>Vych\u00e1dzkov\u00fd letn\u00fd set dres + trenky s 3D logom FK RA\u010cA na vrchnom diely setu.<\/p>\n","protected":false},"featured_media":303554,"comment_status":"closed","ping_status":"closed","template":"","meta":{"_acf_changed":false},"product_brand":[],"product_cat":[3363],"product_tag":[],"class_list":{"0":"post-303551","1":"product","2":"type-product","3":"status-publish","4":"has-post-thumbnail","6":"product_cat-fk_raca","7":"pa_size-8xs","8":"pa_size-7xs","9":"pa_size-6xs","10":"pa_size-5xs","11":"pa_size-4xs","12":"pa_size-3xs","13":"pa_size-2xs","14":"pa_size-xs","15":"pa_size-s","16":"pa_size-m","17":"pa_size-l","18":"pa_size-xl","19":"pa_size-2xl","20":"pa_size-3xl","22":"first","23":"instock","24":"taxable","25":"shipping-taxable","26":"purchasable","27":"product-type-variable"},"acf":[],"_links":{"self":[{"href":"https:\/\/www.elvesport.com\/it\/wp-json\/wp\/v2\/product\/303551","targetHints":{"allow":["GET"]}}],"collection":[{"href":"https:\/\/www.elvesport.com\/it\/wp-json\/wp\/v2\/product"}],"about":[{"href":"https:\/\/www.elvesport.com\/it\/wp-json\/wp\/v2\/types\/product"}],"replies":[{"embeddable":true,"href":"https:\/\/www.elvesport.com\/it\/wp-json\/wp\/v2\/comments?post=303551"}],"version-history":[{"count":2,"href":"https:\/\/www.elvesport.com\/it\/wp-json\/wp\/v2\/product\/303551\/revisions"}],"predecessor-version":[{"id":303553,"href":"https:\/\/www.elvesport.com\/it\/wp-json\/wp\/v2\/product\/303551\/revisions\/303553"}],"wp:featuredmedia":[{"embeddable":true,"href":"https:\/\/www.elvesport.com\/it\/wp-json\/wp\/v2\/media\/303554"}],"wp:attachment":[{"href":"https:\/\/www.elvesport.com\/it\/wp-json\/wp\/v2\/media?parent=303551"}],"wp:term":[{"taxonomy":"product_brand","embeddable":true,"href":"https:\/\/www.elvesport.com\/it\/wp-json\/wp\/v2\/product_brand?post=303551"},{"taxonomy":"product_cat","embeddable":true,"href":"https:\/\/www.elvesport.com\/it\/wp-json\/wp\/v2\/product_cat?post=303551"},{"taxonomy":"product_tag","embeddable":true,"href":"https:\/\/www.elvesport.com\/it\/wp-json\/wp\/v2\/product_tag?post=303551"}],"curies":[{"name":"wp","href":"https:\/\/api.w.org\/{rel}","templated":true}]}}