{"id":303685,"date":"2026-02-10T09:16:41","date_gmt":"2026-02-10T08:16:41","guid":{"rendered":"https:\/\/www.elvesport.com\/?post_type=product&#038;p=303685"},"modified":"2026-02-12T14:40:16","modified_gmt":"2026-02-12T13:40:16","slug":"termopradlo-spodne-fk-raca","status":"publish","type":"product","link":"https:\/\/www.elvesport.com\/it\/termopradlo-spodne-fk-raca\/","title":{"rendered":"TERMOPR\u00c1DLO SPODN\u00c9 FK RA\u010cA"},"content":{"rendered":"","protected":false},"excerpt":{"rendered":"","protected":false},"featured_media":303663,"comment_status":"closed","ping_status":"closed","template":"","meta":{"_acf_changed":false},"product_brand":[],"product_cat":[3363],"product_tag":[],"class_list":{"0":"post-303685","1":"product","2":"type-product","3":"status-publish","4":"has-post-thumbnail","6":"product_cat-fk_raca","7":"pa_color-cervena","8":"pa_color-modra","9":"pa_size-2xs-xs","10":"pa_size-sm","11":"pa_size-lxl","13":"first","14":"instock","15":"taxable","16":"shipping-taxable","17":"purchasable","18":"product-type-variable"},"acf":[],"_links":{"self":[{"href":"https:\/\/www.elvesport.com\/it\/wp-json\/wp\/v2\/product\/303685","targetHints":{"allow":["GET"]}}],"collection":[{"href":"https:\/\/www.elvesport.com\/it\/wp-json\/wp\/v2\/product"}],"about":[{"href":"https:\/\/www.elvesport.com\/it\/wp-json\/wp\/v2\/types\/product"}],"replies":[{"embeddable":true,"href":"https:\/\/www.elvesport.com\/it\/wp-json\/wp\/v2\/comments?post=303685"}],"version-history":[{"count":1,"href":"https:\/\/www.elvesport.com\/it\/wp-json\/wp\/v2\/product\/303685\/revisions"}],"predecessor-version":[{"id":303712,"href":"https:\/\/www.elvesport.com\/it\/wp-json\/wp\/v2\/product\/303685\/revisions\/303712"}],"wp:featuredmedia":[{"embeddable":true,"href":"https:\/\/www.elvesport.com\/it\/wp-json\/wp\/v2\/media\/303663"}],"wp:attachment":[{"href":"https:\/\/www.elvesport.com\/it\/wp-json\/wp\/v2\/media?parent=303685"}],"wp:term":[{"taxonomy":"product_brand","embeddable":true,"href":"https:\/\/www.elvesport.com\/it\/wp-json\/wp\/v2\/product_brand?post=303685"},{"taxonomy":"product_cat","embeddable":true,"href":"https:\/\/www.elvesport.com\/it\/wp-json\/wp\/v2\/product_cat?post=303685"},{"taxonomy":"product_tag","embeddable":true,"href":"https:\/\/www.elvesport.com\/it\/wp-json\/wp\/v2\/product_tag?post=303685"}],"curies":[{"name":"wp","href":"https:\/\/api.w.org\/{rel}","templated":true}]}}