{"id":303781,"date":"2026-02-10T09:22:40","date_gmt":"2026-02-10T08:22:40","guid":{"rendered":"https:\/\/www.elvesport.com\/?post_type=product&#038;p=303781"},"modified":"2026-02-10T09:34:03","modified_gmt":"2026-02-10T08:34:03","slug":"fanusikovska-mikina-condor-fk-raca","status":"publish","type":"product","link":"https:\/\/www.elvesport.com\/it\/fanusikovska-mikina-condor-fk-raca\/","title":{"rendered":"FAN\u00da\u0160IKOVSK\u00c1 MIKINA CONDOR FK RA\u010cA"},"content":{"rendered":"","protected":false},"excerpt":{"rendered":"","protected":false},"featured_media":303881,"comment_status":"closed","ping_status":"closed","template":"","meta":{"_acf_changed":false},"product_brand":[],"product_cat":[3363],"product_tag":[],"class_list":{"0":"post-303781","1":"product","2":"type-product","3":"status-publish","4":"has-post-thumbnail","6":"product_cat-fk_raca","7":"pa_color-biela","8":"pa_color-cervena","9":"pa_color-cierna","10":"pa_size-3yxs","11":"pa_size-2yxs","12":"pa_size-yxs","13":"pa_size-xxs","14":"pa_size-xs","15":"pa_size-s","16":"pa_size-m","17":"pa_size-l","18":"pa_size-xl","19":"pa_size-xxl","20":"pa_size-3xl","22":"first","23":"instock","24":"taxable","25":"shipping-taxable","26":"purchasable","27":"product-type-variable"},"acf":[],"_links":{"self":[{"href":"https:\/\/www.elvesport.com\/it\/wp-json\/wp\/v2\/product\/303781","targetHints":{"allow":["GET"]}}],"collection":[{"href":"https:\/\/www.elvesport.com\/it\/wp-json\/wp\/v2\/product"}],"about":[{"href":"https:\/\/www.elvesport.com\/it\/wp-json\/wp\/v2\/types\/product"}],"replies":[{"embeddable":true,"href":"https:\/\/www.elvesport.com\/it\/wp-json\/wp\/v2\/comments?post=303781"}],"version-history":[{"count":3,"href":"https:\/\/www.elvesport.com\/it\/wp-json\/wp\/v2\/product\/303781\/revisions"}],"predecessor-version":[{"id":303923,"href":"https:\/\/www.elvesport.com\/it\/wp-json\/wp\/v2\/product\/303781\/revisions\/303923"}],"wp:featuredmedia":[{"embeddable":true,"href":"https:\/\/www.elvesport.com\/it\/wp-json\/wp\/v2\/media\/303881"}],"wp:attachment":[{"href":"https:\/\/www.elvesport.com\/it\/wp-json\/wp\/v2\/media?parent=303781"}],"wp:term":[{"taxonomy":"product_brand","embeddable":true,"href":"https:\/\/www.elvesport.com\/it\/wp-json\/wp\/v2\/product_brand?post=303781"},{"taxonomy":"product_cat","embeddable":true,"href":"https:\/\/www.elvesport.com\/it\/wp-json\/wp\/v2\/product_cat?post=303781"},{"taxonomy":"product_tag","embeddable":true,"href":"https:\/\/www.elvesport.com\/it\/wp-json\/wp\/v2\/product_tag?post=303781"}],"curies":[{"name":"wp","href":"https:\/\/api.w.org\/{rel}","templated":true}]}}