{"id":303855,"date":"2026-02-10T09:13:42","date_gmt":"2026-02-10T08:13:42","guid":{"rendered":"https:\/\/www.elvesport.com\/?post_type=product&#038;p=303855"},"modified":"2026-02-10T09:21:27","modified_gmt":"2026-02-10T08:21:27","slug":"hrncek-fk-raca","status":"publish","type":"product","link":"https:\/\/www.elvesport.com\/it\/hrncek-fk-raca\/","title":{"rendered":"HRN\u010cEK FK RA\u010cA"},"content":{"rendered":"","protected":false},"excerpt":{"rendered":"<p>Sublimovan\u00e9 logo klubu FK RA\u010cA na hrn\u010deku 330ml.<\/p>\n","protected":false},"featured_media":303887,"comment_status":"closed","ping_status":"closed","template":"","meta":{"_acf_changed":false},"product_brand":[],"product_cat":[3363],"product_tag":[],"class_list":{"0":"post-303855","1":"product","2":"type-product","3":"status-publish","4":"has-post-thumbnail","6":"product_cat-fk_raca","8":"first","9":"instock","10":"taxable","11":"shipping-taxable","12":"purchasable","13":"product-type-simple"},"acf":[],"_links":{"self":[{"href":"https:\/\/www.elvesport.com\/it\/wp-json\/wp\/v2\/product\/303855","targetHints":{"allow":["GET"]}}],"collection":[{"href":"https:\/\/www.elvesport.com\/it\/wp-json\/wp\/v2\/product"}],"about":[{"href":"https:\/\/www.elvesport.com\/it\/wp-json\/wp\/v2\/types\/product"}],"replies":[{"embeddable":true,"href":"https:\/\/www.elvesport.com\/it\/wp-json\/wp\/v2\/comments?post=303855"}],"version-history":[{"count":2,"href":"https:\/\/www.elvesport.com\/it\/wp-json\/wp\/v2\/product\/303855\/revisions"}],"predecessor-version":[{"id":303860,"href":"https:\/\/www.elvesport.com\/it\/wp-json\/wp\/v2\/product\/303855\/revisions\/303860"}],"wp:featuredmedia":[{"embeddable":true,"href":"https:\/\/www.elvesport.com\/it\/wp-json\/wp\/v2\/media\/303887"}],"wp:attachment":[{"href":"https:\/\/www.elvesport.com\/it\/wp-json\/wp\/v2\/media?parent=303855"}],"wp:term":[{"taxonomy":"product_brand","embeddable":true,"href":"https:\/\/www.elvesport.com\/it\/wp-json\/wp\/v2\/product_brand?post=303855"},{"taxonomy":"product_cat","embeddable":true,"href":"https:\/\/www.elvesport.com\/it\/wp-json\/wp\/v2\/product_cat?post=303855"},{"taxonomy":"product_tag","embeddable":true,"href":"https:\/\/www.elvesport.com\/it\/wp-json\/wp\/v2\/product_tag?post=303855"}],"curies":[{"name":"wp","href":"https:\/\/api.w.org\/{rel}","templated":true}]}}