{"id":303967,"date":"2026-02-10T09:17:34","date_gmt":"2026-02-10T08:17:34","guid":{"rendered":"https:\/\/www.elvesport.com\/?post_type=product&#038;p=303967"},"modified":"2026-02-12T09:56:33","modified_gmt":"2026-02-12T08:56:33","slug":"zapasove-bezponozkove-stucne-fk-raca","status":"publish","type":"product","link":"https:\/\/www.elvesport.com\/it\/zapasove-bezponozkove-stucne-fk-raca\/","title":{"rendered":"Z\u00c1PASOV\u00c9 BEZPONO\u017dKOV\u00c9 \u0160TUCNE FK RA\u010cA"},"content":{"rendered":"","protected":false},"excerpt":{"rendered":"<p>Ve\u013ekosti :<br \/>\nS &#8211; 35-38<br \/>\nM &#8211; 39-42<br \/>\nL &#8211; 43-46<\/p>\n","protected":false},"featured_media":303984,"comment_status":"closed","ping_status":"closed","template":"","meta":{"_acf_changed":false},"product_brand":[],"product_cat":[3363],"product_tag":[],"class_list":{"0":"post-303967","1":"product","2":"type-product","3":"status-publish","4":"has-post-thumbnail","6":"product_cat-fk_raca","7":"pa_color-cervena","8":"pa_color-modra","9":"pa_size-s","10":"pa_size-m","11":"pa_size-l","13":"first","14":"instock","15":"taxable","16":"shipping-taxable","17":"purchasable","18":"product-type-variable"},"acf":[],"_links":{"self":[{"href":"https:\/\/www.elvesport.com\/it\/wp-json\/wp\/v2\/product\/303967","targetHints":{"allow":["GET"]}}],"collection":[{"href":"https:\/\/www.elvesport.com\/it\/wp-json\/wp\/v2\/product"}],"about":[{"href":"https:\/\/www.elvesport.com\/it\/wp-json\/wp\/v2\/types\/product"}],"replies":[{"embeddable":true,"href":"https:\/\/www.elvesport.com\/it\/wp-json\/wp\/v2\/comments?post=303967"}],"version-history":[{"count":2,"href":"https:\/\/www.elvesport.com\/it\/wp-json\/wp\/v2\/product\/303967\/revisions"}],"predecessor-version":[{"id":303987,"href":"https:\/\/www.elvesport.com\/it\/wp-json\/wp\/v2\/product\/303967\/revisions\/303987"}],"wp:featuredmedia":[{"embeddable":true,"href":"https:\/\/www.elvesport.com\/it\/wp-json\/wp\/v2\/media\/303984"}],"wp:attachment":[{"href":"https:\/\/www.elvesport.com\/it\/wp-json\/wp\/v2\/media?parent=303967"}],"wp:term":[{"taxonomy":"product_brand","embeddable":true,"href":"https:\/\/www.elvesport.com\/it\/wp-json\/wp\/v2\/product_brand?post=303967"},{"taxonomy":"product_cat","embeddable":true,"href":"https:\/\/www.elvesport.com\/it\/wp-json\/wp\/v2\/product_cat?post=303967"},{"taxonomy":"product_tag","embeddable":true,"href":"https:\/\/www.elvesport.com\/it\/wp-json\/wp\/v2\/product_tag?post=303967"}],"curies":[{"name":"wp","href":"https:\/\/api.w.org\/{rel}","templated":true}]}}