{"id":304025,"date":"2026-02-13T10:07:05","date_gmt":"2026-02-13T09:07:05","guid":{"rendered":"https:\/\/www.elvesport.com\/?post_type=product&#038;p=304025"},"modified":"2026-02-13T10:07:06","modified_gmt":"2026-02-13T09:07:06","slug":"kniha-fk-raca","status":"publish","type":"product","link":"https:\/\/www.elvesport.com\/it\/kniha-fk-raca\/","title":{"rendered":"KNIHA FK RA\u010cA"},"content":{"rendered":"","protected":false},"excerpt":{"rendered":"<blockquote>\n<h2>\u201c100 rokov futbalu v RA\u010cI\u201d<\/h2>\n<h5><em>Jedine\u010dn\u00e1 kniha klubu\u00a0<strong>FK RA\u010cA<\/strong>, ktor\u00e1 zachyt\u00e1va m\u00ed\u013eniky hist\u00f3rie tohto klubu<\/em><\/h5>\n<\/blockquote>\n<ul>\n<li><em>form\u00e1t A4<\/em><\/li>\n<li><em>275 str\u00e1n<\/em><\/li>\n<li><em>grafick\u00e9 spracovanie<\/em><\/li>\n<\/ul>\n","protected":false},"featured_media":304020,"comment_status":"closed","ping_status":"closed","template":"","meta":{"_acf_changed":false},"product_brand":[],"product_cat":[3363],"product_tag":[],"class_list":{"0":"post-304025","1":"product","2":"type-product","3":"status-publish","4":"has-post-thumbnail","6":"product_cat-fk_raca","8":"first","9":"instock","10":"taxable","11":"shipping-taxable","12":"purchasable","13":"product-type-simple"},"acf":[],"_links":{"self":[{"href":"https:\/\/www.elvesport.com\/it\/wp-json\/wp\/v2\/product\/304025","targetHints":{"allow":["GET"]}}],"collection":[{"href":"https:\/\/www.elvesport.com\/it\/wp-json\/wp\/v2\/product"}],"about":[{"href":"https:\/\/www.elvesport.com\/it\/wp-json\/wp\/v2\/types\/product"}],"replies":[{"embeddable":true,"href":"https:\/\/www.elvesport.com\/it\/wp-json\/wp\/v2\/comments?post=304025"}],"version-history":[{"count":1,"href":"https:\/\/www.elvesport.com\/it\/wp-json\/wp\/v2\/product\/304025\/revisions"}],"predecessor-version":[{"id":304026,"href":"https:\/\/www.elvesport.com\/it\/wp-json\/wp\/v2\/product\/304025\/revisions\/304026"}],"wp:featuredmedia":[{"embeddable":true,"href":"https:\/\/www.elvesport.com\/it\/wp-json\/wp\/v2\/media\/304020"}],"wp:attachment":[{"href":"https:\/\/www.elvesport.com\/it\/wp-json\/wp\/v2\/media?parent=304025"}],"wp:term":[{"taxonomy":"product_brand","embeddable":true,"href":"https:\/\/www.elvesport.com\/it\/wp-json\/wp\/v2\/product_brand?post=304025"},{"taxonomy":"product_cat","embeddable":true,"href":"https:\/\/www.elvesport.com\/it\/wp-json\/wp\/v2\/product_cat?post=304025"},{"taxonomy":"product_tag","embeddable":true,"href":"https:\/\/www.elvesport.com\/it\/wp-json\/wp\/v2\/product_tag?post=304025"}],"curies":[{"name":"wp","href":"https:\/\/api.w.org\/{rel}","templated":true}]}}