{"id":304711,"date":"2026-05-12T09:59:56","date_gmt":"2026-05-12T07:59:56","guid":{"rendered":"https:\/\/www.elvesport.com\/?post_type=product&#038;p=304711"},"modified":"2026-05-12T09:59:56","modified_gmt":"2026-05-12T07:59:56","slug":"siltovka-trucker-tj-iskra-horne-oresany","status":"publish","type":"product","link":"https:\/\/www.elvesport.com\/it\/siltovka-trucker-tj-iskra-horne-oresany\/","title":{"rendered":"\u0160ILTOVKA TRUCKER TJ ISKRA HORN\u00c9 ORE\u0160ANY"},"content":{"rendered":"","protected":false},"excerpt":{"rendered":"","protected":false},"featured_media":304677,"comment_status":"closed","ping_status":"closed","template":"","meta":{"_acf_changed":false},"product_brand":[],"product_cat":[3370],"product_tag":[],"class_list":{"0":"post-304711","1":"product","2":"type-product","3":"status-publish","4":"has-post-thumbnail","6":"product_cat-tj_iskra_horne_oresany","7":"pa_color-biela","8":"pa_color-cierna","10":"first","11":"instock","12":"taxable","13":"shipping-taxable","14":"purchasable","15":"product-type-variable"},"acf":[],"_links":{"self":[{"href":"https:\/\/www.elvesport.com\/it\/wp-json\/wp\/v2\/product\/304711","targetHints":{"allow":["GET"]}}],"collection":[{"href":"https:\/\/www.elvesport.com\/it\/wp-json\/wp\/v2\/product"}],"about":[{"href":"https:\/\/www.elvesport.com\/it\/wp-json\/wp\/v2\/types\/product"}],"replies":[{"embeddable":true,"href":"https:\/\/www.elvesport.com\/it\/wp-json\/wp\/v2\/comments?post=304711"}],"version-history":[{"count":1,"href":"https:\/\/www.elvesport.com\/it\/wp-json\/wp\/v2\/product\/304711\/revisions"}],"predecessor-version":[{"id":304714,"href":"https:\/\/www.elvesport.com\/it\/wp-json\/wp\/v2\/product\/304711\/revisions\/304714"}],"wp:featuredmedia":[{"embeddable":true,"href":"https:\/\/www.elvesport.com\/it\/wp-json\/wp\/v2\/media\/304677"}],"wp:attachment":[{"href":"https:\/\/www.elvesport.com\/it\/wp-json\/wp\/v2\/media?parent=304711"}],"wp:term":[{"taxonomy":"product_brand","embeddable":true,"href":"https:\/\/www.elvesport.com\/it\/wp-json\/wp\/v2\/product_brand?post=304711"},{"taxonomy":"product_cat","embeddable":true,"href":"https:\/\/www.elvesport.com\/it\/wp-json\/wp\/v2\/product_cat?post=304711"},{"taxonomy":"product_tag","embeddable":true,"href":"https:\/\/www.elvesport.com\/it\/wp-json\/wp\/v2\/product_tag?post=304711"}],"curies":[{"name":"wp","href":"https:\/\/api.w.org\/{rel}","templated":true}]}}