{"id":304725,"date":"2026-05-12T13:51:57","date_gmt":"2026-05-12T11:51:57","guid":{"rendered":"https:\/\/www.elvesport.com\/?post_type=product&#038;p=304725"},"modified":"2026-05-12T14:19:19","modified_gmt":"2026-05-12T12:19:19","slug":"ponozky-tj-iskra-horne-oresany","status":"publish","type":"product","link":"https:\/\/www.elvesport.com\/it\/ponozky-tj-iskra-horne-oresany\/","title":{"rendered":"PONO\u017dKY TJ ISKRA HORN\u00c9 ORE\u0160ANY"},"content":{"rendered":"","protected":false},"excerpt":{"rendered":"<h3><em><span style=\"color: #ff0000;\">POZOR!<\/span><\/em><\/h3>\n<h3>Minim\u00e1lny odber 20p\u00e1rov od ve\u013ekosti !<\/h3>\n<h3>Pono\u017eky s\u00fa dostupn\u00e9 len na z\u00e1kazkov\u00fa v\u00fdrobu.<br \/>\nPre objednanie je potrebn\u00e9 kontaktova\u0165 na\u0161u prev\u00e1dzku : <strong>elvesport@elvesport.com<\/strong><\/h3>\n","protected":false},"featured_media":304740,"comment_status":"closed","ping_status":"closed","template":"","meta":{"_acf_changed":false},"product_brand":[],"product_cat":[3370],"product_tag":[],"class_list":{"0":"post-304725","1":"product","2":"type-product","3":"status-publish","4":"has-post-thumbnail","6":"product_cat-tj_iskra_horne_oresany","7":"pa_size-35-37","8":"pa_size-38-41","9":"pa_size-42-44","10":"pa_size-45_47","12":"first","13":"onbackorder","14":"taxable","15":"shipping-taxable","16":"purchasable","17":"product-type-variable"},"acf":[],"_links":{"self":[{"href":"https:\/\/www.elvesport.com\/it\/wp-json\/wp\/v2\/product\/304725","targetHints":{"allow":["GET"]}}],"collection":[{"href":"https:\/\/www.elvesport.com\/it\/wp-json\/wp\/v2\/product"}],"about":[{"href":"https:\/\/www.elvesport.com\/it\/wp-json\/wp\/v2\/types\/product"}],"replies":[{"embeddable":true,"href":"https:\/\/www.elvesport.com\/it\/wp-json\/wp\/v2\/comments?post=304725"}],"version-history":[{"count":4,"href":"https:\/\/www.elvesport.com\/it\/wp-json\/wp\/v2\/product\/304725\/revisions"}],"predecessor-version":[{"id":304744,"href":"https:\/\/www.elvesport.com\/it\/wp-json\/wp\/v2\/product\/304725\/revisions\/304744"}],"wp:featuredmedia":[{"embeddable":true,"href":"https:\/\/www.elvesport.com\/it\/wp-json\/wp\/v2\/media\/304740"}],"wp:attachment":[{"href":"https:\/\/www.elvesport.com\/it\/wp-json\/wp\/v2\/media?parent=304725"}],"wp:term":[{"taxonomy":"product_brand","embeddable":true,"href":"https:\/\/www.elvesport.com\/it\/wp-json\/wp\/v2\/product_brand?post=304725"},{"taxonomy":"product_cat","embeddable":true,"href":"https:\/\/www.elvesport.com\/it\/wp-json\/wp\/v2\/product_cat?post=304725"},{"taxonomy":"product_tag","embeddable":true,"href":"https:\/\/www.elvesport.com\/it\/wp-json\/wp\/v2\/product_tag?post=304725"}],"curies":[{"name":"wp","href":"https:\/\/api.w.org\/{rel}","templated":true}]}}