{"id":304764,"date":"2026-05-13T13:49:23","date_gmt":"2026-05-13T11:49:23","guid":{"rendered":"https:\/\/www.elvesport.com\/?post_type=product&#038;p=304764"},"modified":"2026-05-13T14:39:09","modified_gmt":"2026-05-13T12:39:09","slug":"detska-polokosela-tj-iskra-horne-oresany","status":"publish","type":"product","link":"https:\/\/www.elvesport.com\/it\/detska-polokosela-tj-iskra-horne-oresany\/","title":{"rendered":"DETSK\u00c1 POLOKO\u0160ELA TJ ISKRA HORN\u00c9 ORE\u0160ANY"},"content":{"rendered":"","protected":false},"excerpt":{"rendered":"","protected":false},"featured_media":304765,"comment_status":"closed","ping_status":"closed","template":"","meta":{"_acf_changed":false},"product_brand":[],"product_cat":[3370],"product_tag":[],"class_list":{"0":"post-304764","1":"product","2":"type-product","3":"status-publish","4":"has-post-thumbnail","6":"product_cat-tj_iskra_horne_oresany","7":"pa_size-2626","8":"pa_size-2627","9":"pa_size-2628","10":"pa_size-2629","11":"pa_size-2630","12":"pa_size-2683","14":"first","15":"instock","16":"taxable","17":"shipping-taxable","18":"purchasable","19":"product-type-variable"},"acf":[],"_links":{"self":[{"href":"https:\/\/www.elvesport.com\/it\/wp-json\/wp\/v2\/product\/304764","targetHints":{"allow":["GET"]}}],"collection":[{"href":"https:\/\/www.elvesport.com\/it\/wp-json\/wp\/v2\/product"}],"about":[{"href":"https:\/\/www.elvesport.com\/it\/wp-json\/wp\/v2\/types\/product"}],"replies":[{"embeddable":true,"href":"https:\/\/www.elvesport.com\/it\/wp-json\/wp\/v2\/comments?post=304764"}],"version-history":[{"count":1,"href":"https:\/\/www.elvesport.com\/it\/wp-json\/wp\/v2\/product\/304764\/revisions"}],"predecessor-version":[{"id":304771,"href":"https:\/\/www.elvesport.com\/it\/wp-json\/wp\/v2\/product\/304764\/revisions\/304771"}],"wp:featuredmedia":[{"embeddable":true,"href":"https:\/\/www.elvesport.com\/it\/wp-json\/wp\/v2\/media\/304765"}],"wp:attachment":[{"href":"https:\/\/www.elvesport.com\/it\/wp-json\/wp\/v2\/media?parent=304764"}],"wp:term":[{"taxonomy":"product_brand","embeddable":true,"href":"https:\/\/www.elvesport.com\/it\/wp-json\/wp\/v2\/product_brand?post=304764"},{"taxonomy":"product_cat","embeddable":true,"href":"https:\/\/www.elvesport.com\/it\/wp-json\/wp\/v2\/product_cat?post=304764"},{"taxonomy":"product_tag","embeddable":true,"href":"https:\/\/www.elvesport.com\/it\/wp-json\/wp\/v2\/product_tag?post=304764"}],"curies":[{"name":"wp","href":"https:\/\/api.w.org\/{rel}","templated":true}]}}