{"id":305127,"date":"2026-05-15T14:00:57","date_gmt":"2026-05-15T12:00:57","guid":{"rendered":"https:\/\/www.elvesport.com\/?post_type=product&#038;p=305127"},"modified":"2026-05-15T14:09:22","modified_gmt":"2026-05-15T12:09:22","slug":"tricko-classic-03-tj-iskra-horne-oresany","status":"publish","type":"product","link":"https:\/\/www.elvesport.com\/it\/tricko-classic-03-tj-iskra-horne-oresany\/","title":{"rendered":"TRI\u010cKO CLASSIC 03 TJ ISKRA HORN\u00c9 ORE\u0160ANY"},"content":{"rendered":"","protected":false},"excerpt":{"rendered":"","protected":false},"featured_media":305178,"comment_status":"closed","ping_status":"closed","template":"","meta":{"_acf_changed":false},"product_brand":[],"product_cat":[3370],"product_tag":[],"class_list":{"0":"post-305127","1":"product","2":"type-product","3":"status-publish","4":"has-post-thumbnail","6":"product_cat-tj_iskra_horne_oresany","7":"pa_color-seda","8":"pa_color-cervena","9":"pa_color-cierna","10":"pa_size-3yxs","11":"pa_size-2yxs","12":"pa_size-yxs","13":"pa_size-xxs","14":"pa_size-xs","15":"pa_size-s","16":"pa_size-m","17":"pa_size-l","18":"pa_size-xl","19":"pa_size-2xl","20":"pa_size-3xl","21":"pa_size-4xl","22":"pa_size-5xl","24":"first","25":"instock","26":"taxable","27":"shipping-taxable","28":"purchasable","29":"product-type-variable"},"acf":[],"_links":{"self":[{"href":"https:\/\/www.elvesport.com\/it\/wp-json\/wp\/v2\/product\/305127","targetHints":{"allow":["GET"]}}],"collection":[{"href":"https:\/\/www.elvesport.com\/it\/wp-json\/wp\/v2\/product"}],"about":[{"href":"https:\/\/www.elvesport.com\/it\/wp-json\/wp\/v2\/types\/product"}],"replies":[{"embeddable":true,"href":"https:\/\/www.elvesport.com\/it\/wp-json\/wp\/v2\/comments?post=305127"}],"version-history":[{"count":1,"href":"https:\/\/www.elvesport.com\/it\/wp-json\/wp\/v2\/product\/305127\/revisions"}],"predecessor-version":[{"id":305137,"href":"https:\/\/www.elvesport.com\/it\/wp-json\/wp\/v2\/product\/305127\/revisions\/305137"}],"wp:featuredmedia":[{"embeddable":true,"href":"https:\/\/www.elvesport.com\/it\/wp-json\/wp\/v2\/media\/305178"}],"wp:attachment":[{"href":"https:\/\/www.elvesport.com\/it\/wp-json\/wp\/v2\/media?parent=305127"}],"wp:term":[{"taxonomy":"product_brand","embeddable":true,"href":"https:\/\/www.elvesport.com\/it\/wp-json\/wp\/v2\/product_brand?post=305127"},{"taxonomy":"product_cat","embeddable":true,"href":"https:\/\/www.elvesport.com\/it\/wp-json\/wp\/v2\/product_cat?post=305127"},{"taxonomy":"product_tag","embeddable":true,"href":"https:\/\/www.elvesport.com\/it\/wp-json\/wp\/v2\/product_tag?post=305127"}],"curies":[{"name":"wp","href":"https:\/\/api.w.org\/{rel}","templated":true}]}}