{"id":38119,"date":"2020-06-03T14:14:31","date_gmt":"2020-06-03T12:14:31","guid":{"rendered":"http:\/\/www.elvesport.com\/basic-media-futbalova-taska-fcpa\/"},"modified":"2025-01-13T15:39:31","modified_gmt":"2025-01-13T14:39:31","slug":"baja-media-futbalova-taska-fcpa","status":"publish","type":"product","link":"https:\/\/www.elvesport.com\/it\/baja-media-futbalova-taska-fcpa\/","title":{"rendered":"BAJA MEDIA FUTBALOV\u00c1 TA\u0160KA FCPA"},"content":{"rendered":"","protected":false},"excerpt":{"rendered":"<p>Cestovn\u00e1 ta\u0161ka BAJA MEDIA s logom FC Petr\u017ealka.<\/p>\n","protected":false},"featured_media":240955,"comment_status":"closed","ping_status":"closed","template":"","meta":{"_acf_changed":false},"product_brand":[],"product_cat":[2608],"product_tag":[],"class_list":{"0":"post-38119","1":"product","2":"type-product","3":"status-publish","4":"has-post-thumbnail","6":"product_cat-fc-petrzalka","7":"pa_color-cierna","8":"pa_size-unica","10":"first","11":"instock","12":"taxable","13":"shipping-taxable","14":"purchasable","15":"product-type-variable","16":"has-default-attributes"},"acf":[],"_links":{"self":[{"href":"https:\/\/www.elvesport.com\/it\/wp-json\/wp\/v2\/product\/38119","targetHints":{"allow":["GET"]}}],"collection":[{"href":"https:\/\/www.elvesport.com\/it\/wp-json\/wp\/v2\/product"}],"about":[{"href":"https:\/\/www.elvesport.com\/it\/wp-json\/wp\/v2\/types\/product"}],"replies":[{"embeddable":true,"href":"https:\/\/www.elvesport.com\/it\/wp-json\/wp\/v2\/comments?post=38119"}],"version-history":[{"count":1,"href":"https:\/\/www.elvesport.com\/it\/wp-json\/wp\/v2\/product\/38119\/revisions"}],"predecessor-version":[{"id":246058,"href":"https:\/\/www.elvesport.com\/it\/wp-json\/wp\/v2\/product\/38119\/revisions\/246058"}],"wp:featuredmedia":[{"embeddable":true,"href":"https:\/\/www.elvesport.com\/it\/wp-json\/wp\/v2\/media\/240955"}],"wp:attachment":[{"href":"https:\/\/www.elvesport.com\/it\/wp-json\/wp\/v2\/media?parent=38119"}],"wp:term":[{"taxonomy":"product_brand","embeddable":true,"href":"https:\/\/www.elvesport.com\/it\/wp-json\/wp\/v2\/product_brand?post=38119"},{"taxonomy":"product_cat","embeddable":true,"href":"https:\/\/www.elvesport.com\/it\/wp-json\/wp\/v2\/product_cat?post=38119"},{"taxonomy":"product_tag","embeddable":true,"href":"https:\/\/www.elvesport.com\/it\/wp-json\/wp\/v2\/product_tag?post=38119"}],"curies":[{"name":"wp","href":"https:\/\/api.w.org\/{rel}","templated":true}]}}