{"id":38122,"date":"2022-05-31T15:23:17","date_gmt":"2022-05-31T13:23:17","guid":{"rendered":"http:\/\/www.elvesport.com\/?post_type=product&#038;p=38122"},"modified":"2025-01-13T15:42:19","modified_gmt":"2025-01-13T14:42:19","slug":"booker-kid-ruksak","status":"publish","type":"product","link":"https:\/\/www.elvesport.com\/it\/booker-kid-ruksak\/","title":{"rendered":"BOOKER KID RUKSAK FC PETR\u017dALKA"},"content":{"rendered":"<p>Cena je vr\u00e1tane potla\u010de:<\/p>\n<p>&#8211; logo FCPA<\/p>\n<p>&#8211; Personaliz\u00e1cia pod logom FCPA (inici\u00e1ly)<\/p>\n","protected":false},"excerpt":{"rendered":"<p>Ruksak s logom FC Petr\u017ealka.<\/p>\n","protected":false},"featured_media":266716,"comment_status":"closed","ping_status":"closed","template":"","meta":{"_acf_changed":false},"product_brand":[],"product_cat":[2608],"product_tag":[],"class_list":{"0":"post-38122","1":"product","2":"type-product","3":"status-publish","4":"has-post-thumbnail","6":"product_cat-fc-petrzalka","8":"first","9":"instock","10":"taxable","11":"shipping-taxable","12":"purchasable","13":"product-type-simple"},"acf":[],"_links":{"self":[{"href":"https:\/\/www.elvesport.com\/it\/wp-json\/wp\/v2\/product\/38122","targetHints":{"allow":["GET"]}}],"collection":[{"href":"https:\/\/www.elvesport.com\/it\/wp-json\/wp\/v2\/product"}],"about":[{"href":"https:\/\/www.elvesport.com\/it\/wp-json\/wp\/v2\/types\/product"}],"replies":[{"embeddable":true,"href":"https:\/\/www.elvesport.com\/it\/wp-json\/wp\/v2\/comments?post=38122"}],"version-history":[{"count":3,"href":"https:\/\/www.elvesport.com\/it\/wp-json\/wp\/v2\/product\/38122\/revisions"}],"predecessor-version":[{"id":272077,"href":"https:\/\/www.elvesport.com\/it\/wp-json\/wp\/v2\/product\/38122\/revisions\/272077"}],"wp:featuredmedia":[{"embeddable":true,"href":"https:\/\/www.elvesport.com\/it\/wp-json\/wp\/v2\/media\/266716"}],"wp:attachment":[{"href":"https:\/\/www.elvesport.com\/it\/wp-json\/wp\/v2\/media?parent=38122"}],"wp:term":[{"taxonomy":"product_brand","embeddable":true,"href":"https:\/\/www.elvesport.com\/it\/wp-json\/wp\/v2\/product_brand?post=38122"},{"taxonomy":"product_cat","embeddable":true,"href":"https:\/\/www.elvesport.com\/it\/wp-json\/wp\/v2\/product_cat?post=38122"},{"taxonomy":"product_tag","embeddable":true,"href":"https:\/\/www.elvesport.com\/it\/wp-json\/wp\/v2\/product_tag?post=38122"}],"curies":[{"name":"wp","href":"https:\/\/api.w.org\/{rel}","templated":true}]}}