{"id":38128,"date":"2022-05-31T15:24:16","date_gmt":"2022-05-31T13:24:16","guid":{"rendered":"http:\/\/www.elvesport.com\/basic-giacca-rain-treningova-sustakova-bunda\/"},"modified":"2025-02-26T15:40:51","modified_gmt":"2025-02-26T14:40:51","slug":"pressing-rain-treningova-sustakova-bunda","status":"publish","type":"product","link":"https:\/\/www.elvesport.com\/it\/pressing-rain-treningova-sustakova-bunda\/","title":{"rendered":"PRESSING TR\u00c9NINGOV\u00c1 \u0160U\u0160\u0164\u00c1KOV\u00c1 BUNDA FCP"},"content":{"rendered":"","protected":false},"excerpt":{"rendered":"","protected":false},"featured_media":269393,"comment_status":"closed","ping_status":"closed","template":"","meta":{"_acf_changed":false},"product_brand":[],"product_cat":[2608],"product_tag":[],"class_list":{"0":"post-38128","1":"product","2":"type-product","3":"status-publish","4":"has-post-thumbnail","6":"product_cat-fc-petrzalka","7":"pa_color-cierna","8":"pa_pohlavie-unisex","9":"pa_size-2yxs","10":"pa_size-yxs","11":"pa_size-xxs","12":"pa_size-xs","13":"pa_size-s","14":"pa_size-m","15":"pa_size-l","16":"pa_size-xl","17":"pa_size-xxl","18":"pa_size-3xl","20":"first","21":"instock","22":"taxable","23":"shipping-taxable","24":"purchasable","25":"product-type-variable","26":"has-default-attributes"},"acf":[],"_links":{"self":[{"href":"https:\/\/www.elvesport.com\/it\/wp-json\/wp\/v2\/product\/38128","targetHints":{"allow":["GET"]}}],"collection":[{"href":"https:\/\/www.elvesport.com\/it\/wp-json\/wp\/v2\/product"}],"about":[{"href":"https:\/\/www.elvesport.com\/it\/wp-json\/wp\/v2\/types\/product"}],"replies":[{"embeddable":true,"href":"https:\/\/www.elvesport.com\/it\/wp-json\/wp\/v2\/comments?post=38128"}],"version-history":[{"count":2,"href":"https:\/\/www.elvesport.com\/it\/wp-json\/wp\/v2\/product\/38128\/revisions"}],"predecessor-version":[{"id":248817,"href":"https:\/\/www.elvesport.com\/it\/wp-json\/wp\/v2\/product\/38128\/revisions\/248817"}],"wp:featuredmedia":[{"embeddable":true,"href":"https:\/\/www.elvesport.com\/it\/wp-json\/wp\/v2\/media\/269393"}],"wp:attachment":[{"href":"https:\/\/www.elvesport.com\/it\/wp-json\/wp\/v2\/media?parent=38128"}],"wp:term":[{"taxonomy":"product_brand","embeddable":true,"href":"https:\/\/www.elvesport.com\/it\/wp-json\/wp\/v2\/product_brand?post=38128"},{"taxonomy":"product_cat","embeddable":true,"href":"https:\/\/www.elvesport.com\/it\/wp-json\/wp\/v2\/product_cat?post=38128"},{"taxonomy":"product_tag","embeddable":true,"href":"https:\/\/www.elvesport.com\/it\/wp-json\/wp\/v2\/product_tag?post=38128"}],"curies":[{"name":"wp","href":"https:\/\/api.w.org\/{rel}","templated":true}]}}