{"id":38149,"date":"2022-05-31T15:30:07","date_gmt":"2022-05-31T13:30:07","guid":{"rendered":"http:\/\/www.elvesport.com\/adler-vychadzkove-tricko-ako-treningovy-dres-fcpa\/"},"modified":"2025-01-14T16:55:38","modified_gmt":"2025-01-14T15:55:38","slug":"adler-vychadzkove-tricko-ako-treningovy-dres-fcpa","status":"publish","type":"product","link":"https:\/\/www.elvesport.com\/it\/adler-vychadzkove-tricko-ako-treningovy-dres-fcpa\/","title":{"rendered":"VYCH\u00c1DZKOV\u00c9 TRI\u010cKO AKO TR\u00c9NINGOV\u00dd DRES FCP"},"content":{"rendered":"<p>Cena je vr\u00e1tane potla\u010de:<\/p>\n<p>&#8211; LOGO FCPA<\/p>\n<p>&#8211; Personaliz\u00e1cia oproti logu FCPA (inici\u00e1ly)<\/p>\n","protected":false},"excerpt":{"rendered":"<p>Vych\u00e1dzkov\u00e9 tri\u010dko ako tr\u00e9ningov\u00fd dres\u00a0 logom FC Petr\u017ealka, s inici\u00e1lami hr\u00e1\u010da oproti logu.<\/p>\n","protected":false},"featured_media":38148,"comment_status":"closed","ping_status":"closed","template":"","meta":{"_acf_changed":false},"product_brand":[],"product_cat":[2608],"product_tag":[],"class_list":{"0":"post-38149","1":"product","2":"type-product","3":"status-publish","4":"has-post-thumbnail","6":"product_cat-fc-petrzalka","7":"pa_color-biela","8":"pa_size-yxs","9":"pa_size-xxs","10":"pa_size-xs","11":"pa_size-s","12":"pa_size-m","13":"pa_size-l","14":"pa_size-xl","15":"pa_size-xxl","16":"pa_vonkajsimaterial-100polyester","18":"first","19":"instock","20":"taxable","21":"shipping-taxable","22":"purchasable","23":"product-type-variable","24":"has-default-attributes"},"acf":[],"_links":{"self":[{"href":"https:\/\/www.elvesport.com\/it\/wp-json\/wp\/v2\/product\/38149","targetHints":{"allow":["GET"]}}],"collection":[{"href":"https:\/\/www.elvesport.com\/it\/wp-json\/wp\/v2\/product"}],"about":[{"href":"https:\/\/www.elvesport.com\/it\/wp-json\/wp\/v2\/types\/product"}],"replies":[{"embeddable":true,"href":"https:\/\/www.elvesport.com\/it\/wp-json\/wp\/v2\/comments?post=38149"}],"version-history":[{"count":4,"href":"https:\/\/www.elvesport.com\/it\/wp-json\/wp\/v2\/product\/38149\/revisions"}],"predecessor-version":[{"id":272188,"href":"https:\/\/www.elvesport.com\/it\/wp-json\/wp\/v2\/product\/38149\/revisions\/272188"}],"wp:featuredmedia":[{"embeddable":true,"href":"https:\/\/www.elvesport.com\/it\/wp-json\/wp\/v2\/media\/38148"}],"wp:attachment":[{"href":"https:\/\/www.elvesport.com\/it\/wp-json\/wp\/v2\/media?parent=38149"}],"wp:term":[{"taxonomy":"product_brand","embeddable":true,"href":"https:\/\/www.elvesport.com\/it\/wp-json\/wp\/v2\/product_brand?post=38149"},{"taxonomy":"product_cat","embeddable":true,"href":"https:\/\/www.elvesport.com\/it\/wp-json\/wp\/v2\/product_cat?post=38149"},{"taxonomy":"product_tag","embeddable":true,"href":"https:\/\/www.elvesport.com\/it\/wp-json\/wp\/v2\/product_tag?post=38149"}],"curies":[{"name":"wp","href":"https:\/\/api.w.org\/{rel}","templated":true}]}}