{"id":38360,"date":"2023-06-15T15:16:44","date_gmt":"2023-06-15T13:16:44","guid":{"rendered":"http:\/\/www.elvesport.com\/stardast-mski\/"},"modified":"2025-02-04T16:13:51","modified_gmt":"2025-02-04T15:13:51","slug":"edo-mski","status":"publish","type":"product","link":"https:\/\/www.elvesport.com\/it\/edo-mski\/","title":{"rendered":"EDO ISKRA"},"content":{"rendered":"","protected":false},"excerpt":{"rendered":"<p>Tr\u00e9ningov\u00e9 tren\u00edrky EDO M\u0160KI Petr\u017ealka s Inici\u00e1lami<\/p>\n","protected":false},"featured_media":38359,"comment_status":"closed","ping_status":"closed","template":"","meta":{"_acf_changed":false},"product_brand":[],"product_cat":[1192],"product_tag":[],"class_list":{"0":"post-38360","1":"product","2":"type-product","3":"status-publish","4":"has-post-thumbnail","6":"product_cat-msk-iskra-petrzalka","7":"pa_color-cierna","8":"pa_size-yxs","9":"pa_size-xxs","10":"pa_size-xs","11":"pa_size-s","12":"pa_size-m","13":"pa_size-l","14":"pa_size-xl","15":"pa_size-xxl","16":"pa_vnutornymaterial-100polyester","17":"pa_vonkajsimaterial-100polyester","19":"first","20":"instock","21":"taxable","22":"shipping-taxable","23":"purchasable","24":"product-type-variable","25":"has-default-attributes"},"acf":[],"_links":{"self":[{"href":"https:\/\/www.elvesport.com\/it\/wp-json\/wp\/v2\/product\/38360","targetHints":{"allow":["GET"]}}],"collection":[{"href":"https:\/\/www.elvesport.com\/it\/wp-json\/wp\/v2\/product"}],"about":[{"href":"https:\/\/www.elvesport.com\/it\/wp-json\/wp\/v2\/types\/product"}],"replies":[{"embeddable":true,"href":"https:\/\/www.elvesport.com\/it\/wp-json\/wp\/v2\/comments?post=38360"}],"version-history":[{"count":3,"href":"https:\/\/www.elvesport.com\/it\/wp-json\/wp\/v2\/product\/38360\/revisions"}],"predecessor-version":[{"id":253214,"href":"https:\/\/www.elvesport.com\/it\/wp-json\/wp\/v2\/product\/38360\/revisions\/253214"}],"wp:featuredmedia":[{"embeddable":true,"href":"https:\/\/www.elvesport.com\/it\/wp-json\/wp\/v2\/media\/38359"}],"wp:attachment":[{"href":"https:\/\/www.elvesport.com\/it\/wp-json\/wp\/v2\/media?parent=38360"}],"wp:term":[{"taxonomy":"product_brand","embeddable":true,"href":"https:\/\/www.elvesport.com\/it\/wp-json\/wp\/v2\/product_brand?post=38360"},{"taxonomy":"product_cat","embeddable":true,"href":"https:\/\/www.elvesport.com\/it\/wp-json\/wp\/v2\/product_cat?post=38360"},{"taxonomy":"product_tag","embeddable":true,"href":"https:\/\/www.elvesport.com\/it\/wp-json\/wp\/v2\/product_tag?post=38360"}],"curies":[{"name":"wp","href":"https:\/\/api.w.org\/{rel}","templated":true}]}}