{"id":38370,"date":"2023-06-15T16:07:10","date_gmt":"2023-06-15T14:07:10","guid":{"rendered":"http:\/\/www.elvesport.com\/treningove-tricko-mski\/"},"modified":"2025-02-04T16:13:11","modified_gmt":"2025-02-04T15:13:11","slug":"treningove-tricko-mski","status":"publish","type":"product","link":"https:\/\/www.elvesport.com\/it\/treningove-tricko-mski\/","title":{"rendered":"TR\u00c9NINGOV\u00c9 TRI\u010cKO ISKRA"},"content":{"rendered":"","protected":false},"excerpt":{"rendered":"<p>Sublimovan\u00e9 tr\u00e9ningov\u00e9 tri\u010dko<br \/>\ns logom M\u0160KI PETR\u017dALKA A INICI\u00c1LAMI HR\u00c1\u010cA.<br \/>\n(Max. 3 p\u00edsmen\u00e1)<\/p>\n","protected":false},"featured_media":38369,"comment_status":"closed","ping_status":"closed","template":"","meta":{"_acf_changed":false},"product_brand":[],"product_cat":[1192],"product_tag":[],"class_list":{"0":"post-38370","1":"product","2":"type-product","3":"status-publish","4":"has-post-thumbnail","6":"product_cat-msk-iskra-petrzalka","7":"pa_color-neonovozlta","8":"pa_size-yxs","9":"pa_size-xxs","10":"pa_size-xs","11":"pa_size-s","12":"pa_size-m","13":"pa_size-l","14":"pa_size-xl","15":"pa_size-xxl","16":"pa_vnutornymaterial-100polyester","17":"pa_vonkajsimaterial-100polyester","19":"first","20":"instock","21":"taxable","22":"shipping-taxable","23":"purchasable","24":"product-type-variable","25":"has-default-attributes"},"acf":[],"_links":{"self":[{"href":"https:\/\/www.elvesport.com\/it\/wp-json\/wp\/v2\/product\/38370","targetHints":{"allow":["GET"]}}],"collection":[{"href":"https:\/\/www.elvesport.com\/it\/wp-json\/wp\/v2\/product"}],"about":[{"href":"https:\/\/www.elvesport.com\/it\/wp-json\/wp\/v2\/types\/product"}],"replies":[{"embeddable":true,"href":"https:\/\/www.elvesport.com\/it\/wp-json\/wp\/v2\/comments?post=38370"}],"version-history":[{"count":4,"href":"https:\/\/www.elvesport.com\/it\/wp-json\/wp\/v2\/product\/38370\/revisions"}],"predecessor-version":[{"id":260909,"href":"https:\/\/www.elvesport.com\/it\/wp-json\/wp\/v2\/product\/38370\/revisions\/260909"}],"wp:featuredmedia":[{"embeddable":true,"href":"https:\/\/www.elvesport.com\/it\/wp-json\/wp\/v2\/media\/38369"}],"wp:attachment":[{"href":"https:\/\/www.elvesport.com\/it\/wp-json\/wp\/v2\/media?parent=38370"}],"wp:term":[{"taxonomy":"product_brand","embeddable":true,"href":"https:\/\/www.elvesport.com\/it\/wp-json\/wp\/v2\/product_brand?post=38370"},{"taxonomy":"product_cat","embeddable":true,"href":"https:\/\/www.elvesport.com\/it\/wp-json\/wp\/v2\/product_cat?post=38370"},{"taxonomy":"product_tag","embeddable":true,"href":"https:\/\/www.elvesport.com\/it\/wp-json\/wp\/v2\/product_tag?post=38370"}],"curies":[{"name":"wp","href":"https:\/\/api.w.org\/{rel}","templated":true}]}}