{"id":38391,"date":"2023-06-16T09:51:26","date_gmt":"2023-06-16T07:51:26","guid":{"rendered":"http:\/\/www.elvesport.com\/spring-30-mski\/"},"modified":"2025-02-04T16:12:36","modified_gmt":"2025-02-04T15:12:36","slug":"kurt-mski","status":"publish","type":"product","link":"https:\/\/www.elvesport.com\/it\/kurt-mski\/","title":{"rendered":"KURT ISKRA"},"content":{"rendered":"","protected":false},"excerpt":{"rendered":"<p>Vych\u00e1dzkov\u00e1 mikina KURT s 3D logom M\u0160KI Petr\u017ealka a inici\u00e1lami hr\u00e1\u010da pod logom ERREA.<\/p>\n","protected":false},"featured_media":38390,"comment_status":"closed","ping_status":"closed","template":"","meta":{"_acf_changed":false},"product_brand":[],"product_cat":[1192],"product_tag":[],"class_list":{"0":"post-38391","1":"product","2":"type-product","3":"status-publish","4":"has-post-thumbnail","6":"product_cat-msk-iskra-petrzalka","7":"pa_color-zelena","8":"pa_size-3yxs","9":"pa_size-2yxs","10":"pa_size-yxs","11":"pa_size-xxs","12":"pa_size-xs","13":"pa_size-s","14":"pa_size-m","15":"pa_size-l","16":"pa_size-xl","17":"pa_size-xxl","18":"pa_size-3xl","19":"pa_size-4xl","20":"pa_vnutornymaterial-100polyester","21":"pa_vonkajsimaterial-100polyester","23":"first","24":"instock","25":"taxable","26":"shipping-taxable","27":"purchasable","28":"product-type-variable","29":"has-default-attributes"},"acf":[],"_links":{"self":[{"href":"https:\/\/www.elvesport.com\/it\/wp-json\/wp\/v2\/product\/38391","targetHints":{"allow":["GET"]}}],"collection":[{"href":"https:\/\/www.elvesport.com\/it\/wp-json\/wp\/v2\/product"}],"about":[{"href":"https:\/\/www.elvesport.com\/it\/wp-json\/wp\/v2\/types\/product"}],"replies":[{"embeddable":true,"href":"https:\/\/www.elvesport.com\/it\/wp-json\/wp\/v2\/comments?post=38391"}],"version-history":[{"count":4,"href":"https:\/\/www.elvesport.com\/it\/wp-json\/wp\/v2\/product\/38391\/revisions"}],"predecessor-version":[{"id":272536,"href":"https:\/\/www.elvesport.com\/it\/wp-json\/wp\/v2\/product\/38391\/revisions\/272536"}],"wp:featuredmedia":[{"embeddable":true,"href":"https:\/\/www.elvesport.com\/it\/wp-json\/wp\/v2\/media\/38390"}],"wp:attachment":[{"href":"https:\/\/www.elvesport.com\/it\/wp-json\/wp\/v2\/media?parent=38391"}],"wp:term":[{"taxonomy":"product_brand","embeddable":true,"href":"https:\/\/www.elvesport.com\/it\/wp-json\/wp\/v2\/product_brand?post=38391"},{"taxonomy":"product_cat","embeddable":true,"href":"https:\/\/www.elvesport.com\/it\/wp-json\/wp\/v2\/product_cat?post=38391"},{"taxonomy":"product_tag","embeddable":true,"href":"https:\/\/www.elvesport.com\/it\/wp-json\/wp\/v2\/product_tag?post=38391"}],"curies":[{"name":"wp","href":"https:\/\/api.w.org\/{rel}","templated":true}]}}