{"id":40277,"date":"2020-10-12T11:13:20","date_gmt":"2020-10-12T09:13:20","guid":{"rendered":"http:\/\/www.elvesport.com\/lynos-slovan-levice\/"},"modified":"2025-01-14T15:05:50","modified_gmt":"2025-01-14T14:05:50","slug":"lynos-slovan-levice","status":"publish","type":"product","link":"https:\/\/www.elvesport.com\/it\/lynos-slovan-levice\/","title":{"rendered":"LYNOS SLOVAN LEVICE"},"content":{"rendered":"","protected":false},"excerpt":{"rendered":"<p>Ruksak LYNOS s 3D logom FK SLOVAN LEVICE a s inici\u00e1lami hr\u00e1\u010da, s plastov\u00fdm kor\u00fdtkom na obuv.<\/p>\n","protected":false},"featured_media":248676,"comment_status":"closed","ping_status":"closed","template":"","meta":{"_acf_changed":false},"product_brand":[],"product_cat":[1191],"product_tag":[],"class_list":{"0":"post-40277","1":"product","2":"type-product","3":"status-publish","4":"has-post-thumbnail","6":"product_cat-fk-slovan-levice","7":"pa_color-cierna_siva","8":"pa_size-unica","10":"first","11":"instock","12":"taxable","13":"shipping-taxable","14":"purchasable","15":"product-type-simple"},"acf":[],"_links":{"self":[{"href":"https:\/\/www.elvesport.com\/it\/wp-json\/wp\/v2\/product\/40277","targetHints":{"allow":["GET"]}}],"collection":[{"href":"https:\/\/www.elvesport.com\/it\/wp-json\/wp\/v2\/product"}],"about":[{"href":"https:\/\/www.elvesport.com\/it\/wp-json\/wp\/v2\/types\/product"}],"replies":[{"embeddable":true,"href":"https:\/\/www.elvesport.com\/it\/wp-json\/wp\/v2\/comments?post=40277"}],"version-history":[{"count":3,"href":"https:\/\/www.elvesport.com\/it\/wp-json\/wp\/v2\/product\/40277\/revisions"}],"predecessor-version":[{"id":248675,"href":"https:\/\/www.elvesport.com\/it\/wp-json\/wp\/v2\/product\/40277\/revisions\/248675"}],"wp:featuredmedia":[{"embeddable":true,"href":"https:\/\/www.elvesport.com\/it\/wp-json\/wp\/v2\/media\/248676"}],"wp:attachment":[{"href":"https:\/\/www.elvesport.com\/it\/wp-json\/wp\/v2\/media?parent=40277"}],"wp:term":[{"taxonomy":"product_brand","embeddable":true,"href":"https:\/\/www.elvesport.com\/it\/wp-json\/wp\/v2\/product_brand?post=40277"},{"taxonomy":"product_cat","embeddable":true,"href":"https:\/\/www.elvesport.com\/it\/wp-json\/wp\/v2\/product_cat?post=40277"},{"taxonomy":"product_tag","embeddable":true,"href":"https:\/\/www.elvesport.com\/it\/wp-json\/wp\/v2\/product_tag?post=40277"}],"curies":[{"name":"wp","href":"https:\/\/api.w.org\/{rel}","templated":true}]}}