{"id":41697,"date":"2022-01-19T11:48:01","date_gmt":"2022-01-19T10:48:01","guid":{"rendered":"http:\/\/www.elvesport.com\/mauna-iskra\/"},"modified":"2024-01-22T15:59:49","modified_gmt":"2024-01-22T14:59:49","slug":"mauna-iskra","status":"publish","type":"product","link":"https:\/\/www.elvesport.com\/it\/mauna-iskra\/","title":{"rendered":"MAUNA ISKRA"},"content":{"rendered":"","protected":false},"excerpt":{"rendered":"<p>Bavlnen\u00e9 vych\u00e1dzkov\u00e9 kr\u00e1tke nohavice s n\u00e1pisom ISKRA a s logom M\u0160KI na opa\u010dnej strane.<\/p>\n","protected":false},"featured_media":41696,"comment_status":"closed","ping_status":"closed","template":"","meta":{"_acf_changed":false},"product_brand":[],"product_cat":[1192],"product_tag":[],"class_list":{"0":"post-41697","1":"product","2":"type-product","3":"status-publish","4":"has-post-thumbnail","6":"product_cat-msk-iskra-petrzalka","7":"pa_color-cierna","8":"pa_pohlavie-unisex","9":"pa_size-yxs","10":"pa_size-xxs","11":"pa_size-xs","12":"pa_size-s","13":"pa_size-m","14":"pa_size-l","15":"pa_size-xl","16":"pa_size-xxl","17":"pa_size-3xl","18":"pa_size-4xl","19":"pa_vnutornymaterial-100cotton","20":"pa_vonkajsimaterial-100cotton","22":"first","23":"instock","24":"taxable","25":"shipping-taxable","26":"purchasable","27":"product-type-variable","28":"has-default-attributes"},"acf":[],"_links":{"self":[{"href":"https:\/\/www.elvesport.com\/it\/wp-json\/wp\/v2\/product\/41697","targetHints":{"allow":["GET"]}}],"collection":[{"href":"https:\/\/www.elvesport.com\/it\/wp-json\/wp\/v2\/product"}],"about":[{"href":"https:\/\/www.elvesport.com\/it\/wp-json\/wp\/v2\/types\/product"}],"replies":[{"embeddable":true,"href":"https:\/\/www.elvesport.com\/it\/wp-json\/wp\/v2\/comments?post=41697"}],"version-history":[{"count":2,"href":"https:\/\/www.elvesport.com\/it\/wp-json\/wp\/v2\/product\/41697\/revisions"}],"predecessor-version":[{"id":253138,"href":"https:\/\/www.elvesport.com\/it\/wp-json\/wp\/v2\/product\/41697\/revisions\/253138"}],"wp:featuredmedia":[{"embeddable":true,"href":"https:\/\/www.elvesport.com\/it\/wp-json\/wp\/v2\/media\/41696"}],"wp:attachment":[{"href":"https:\/\/www.elvesport.com\/it\/wp-json\/wp\/v2\/media?parent=41697"}],"wp:term":[{"taxonomy":"product_brand","embeddable":true,"href":"https:\/\/www.elvesport.com\/it\/wp-json\/wp\/v2\/product_brand?post=41697"},{"taxonomy":"product_cat","embeddable":true,"href":"https:\/\/www.elvesport.com\/it\/wp-json\/wp\/v2\/product_cat?post=41697"},{"taxonomy":"product_tag","embeddable":true,"href":"https:\/\/www.elvesport.com\/it\/wp-json\/wp\/v2\/product_tag?post=41697"}],"curies":[{"name":"wp","href":"https:\/\/api.w.org\/{rel}","templated":true}]}}