{"id":41783,"date":"2022-01-19T14:47:05","date_gmt":"2022-01-19T13:47:05","guid":{"rendered":"http:\/\/www.elvesport.com\/t-shirt-iskra-do-toho-f22-w\/"},"modified":"2024-01-11T09:03:23","modified_gmt":"2024-01-11T08:03:23","slug":"t-shirt-iskra-do-toho-f22-w","status":"publish","type":"product","link":"https:\/\/www.elvesport.com\/it\/t-shirt-iskra-do-toho-f22-w\/","title":{"rendered":"D\u00c1MSKE TRI\u010cKO ISKRA DO TOHO! F22"},"content":{"rendered":"","protected":false},"excerpt":{"rendered":"<p>D\u00e1mske bavlnen\u00e9 tri\u010dko s n\u00e1pisom ISKRA DO TOHO! ur\u010den\u00e9 pre ka\u017ed\u00e9ho srdciara. Uk\u00e1\u017ete kto je v\u00e1\u0161 favorit menom a \u010d\u00edslom hr\u00e1\u010da na zadnej strane alebo si ho prisp\u00f4sobte vlastn\u00fdm menom a \u010d\u00edslom.<\/p>\n","protected":false},"featured_media":41781,"comment_status":"closed","ping_status":"closed","template":"","meta":{"_acf_changed":false},"product_brand":[],"product_cat":[1192],"product_tag":[],"class_list":{"0":"post-41783","1":"product","2":"type-product","3":"status-publish","4":"has-post-thumbnail","6":"product_cat-msk-iskra-petrzalka","7":"pa_color-zelena","8":"pa_size-xs","9":"pa_size-s","10":"pa_size-m","11":"pa_size-l","12":"pa_size-xl","13":"pa_size-xxl","14":"pa_vnutornymaterial-100cotton","15":"pa_vonkajsimaterial-100cotton","17":"first","18":"instock","19":"taxable","20":"shipping-taxable","21":"purchasable","22":"product-type-variable","23":"has-default-attributes"},"acf":[],"_links":{"self":[{"href":"https:\/\/www.elvesport.com\/it\/wp-json\/wp\/v2\/product\/41783","targetHints":{"allow":["GET"]}}],"collection":[{"href":"https:\/\/www.elvesport.com\/it\/wp-json\/wp\/v2\/product"}],"about":[{"href":"https:\/\/www.elvesport.com\/it\/wp-json\/wp\/v2\/types\/product"}],"replies":[{"embeddable":true,"href":"https:\/\/www.elvesport.com\/it\/wp-json\/wp\/v2\/comments?post=41783"}],"version-history":[{"count":4,"href":"https:\/\/www.elvesport.com\/it\/wp-json\/wp\/v2\/product\/41783\/revisions"}],"predecessor-version":[{"id":263942,"href":"https:\/\/www.elvesport.com\/it\/wp-json\/wp\/v2\/product\/41783\/revisions\/263942"}],"wp:featuredmedia":[{"embeddable":true,"href":"https:\/\/www.elvesport.com\/it\/wp-json\/wp\/v2\/media\/41781"}],"wp:attachment":[{"href":"https:\/\/www.elvesport.com\/it\/wp-json\/wp\/v2\/media?parent=41783"}],"wp:term":[{"taxonomy":"product_brand","embeddable":true,"href":"https:\/\/www.elvesport.com\/it\/wp-json\/wp\/v2\/product_brand?post=41783"},{"taxonomy":"product_cat","embeddable":true,"href":"https:\/\/www.elvesport.com\/it\/wp-json\/wp\/v2\/product_cat?post=41783"},{"taxonomy":"product_tag","embeddable":true,"href":"https:\/\/www.elvesport.com\/it\/wp-json\/wp\/v2\/product_tag?post=41783"}],"curies":[{"name":"wp","href":"https:\/\/api.w.org\/{rel}","templated":true}]}}