{"id":41792,"date":"2022-01-19T14:52:08","date_gmt":"2022-01-19T13:52:08","guid":{"rendered":"http:\/\/www.elvesport.com\/t-shirt-futbalova-rodina-f22-w\/"},"modified":"2024-01-11T09:01:15","modified_gmt":"2024-01-11T08:01:15","slug":"t-shirt-futbalova-rodina-f22-w","status":"publish","type":"product","link":"https:\/\/www.elvesport.com\/it\/t-shirt-futbalova-rodina-f22-w\/","title":{"rendered":"D\u00c1MSKE TRI\u010cKO FUTBALOV\u00c1 RODINA F22"},"content":{"rendered":"","protected":false},"excerpt":{"rendered":"<p>Bavlnen\u00e9 d\u00e1mske tri\u010dko s origin\u00e1lnou grafikou M\u0160KI.<\/p>\n","protected":false},"featured_media":41790,"comment_status":"closed","ping_status":"closed","template":"","meta":{"_acf_changed":false},"product_brand":[],"product_cat":[1192],"product_tag":[],"class_list":{"0":"post-41792","1":"product","2":"type-product","3":"status-publish","4":"has-post-thumbnail","6":"product_cat-msk-iskra-petrzalka","7":"pa_color-biela","8":"pa_size-xs","9":"pa_size-s","10":"pa_size-m","11":"pa_size-l","12":"pa_size-xl","13":"pa_size-xxl","15":"first","16":"instock","17":"taxable","18":"shipping-taxable","19":"purchasable","20":"product-type-variable","21":"has-default-attributes"},"acf":[],"_links":{"self":[{"href":"https:\/\/www.elvesport.com\/it\/wp-json\/wp\/v2\/product\/41792","targetHints":{"allow":["GET"]}}],"collection":[{"href":"https:\/\/www.elvesport.com\/it\/wp-json\/wp\/v2\/product"}],"about":[{"href":"https:\/\/www.elvesport.com\/it\/wp-json\/wp\/v2\/types\/product"}],"replies":[{"embeddable":true,"href":"https:\/\/www.elvesport.com\/it\/wp-json\/wp\/v2\/comments?post=41792"}],"version-history":[{"count":4,"href":"https:\/\/www.elvesport.com\/it\/wp-json\/wp\/v2\/product\/41792\/revisions"}],"predecessor-version":[{"id":263941,"href":"https:\/\/www.elvesport.com\/it\/wp-json\/wp\/v2\/product\/41792\/revisions\/263941"}],"wp:featuredmedia":[{"embeddable":true,"href":"https:\/\/www.elvesport.com\/it\/wp-json\/wp\/v2\/media\/41790"}],"wp:attachment":[{"href":"https:\/\/www.elvesport.com\/it\/wp-json\/wp\/v2\/media?parent=41792"}],"wp:term":[{"taxonomy":"product_brand","embeddable":true,"href":"https:\/\/www.elvesport.com\/it\/wp-json\/wp\/v2\/product_brand?post=41792"},{"taxonomy":"product_cat","embeddable":true,"href":"https:\/\/www.elvesport.com\/it\/wp-json\/wp\/v2\/product_cat?post=41792"},{"taxonomy":"product_tag","embeddable":true,"href":"https:\/\/www.elvesport.com\/it\/wp-json\/wp\/v2\/product_tag?post=41792"}],"curies":[{"name":"wp","href":"https:\/\/api.w.org\/{rel}","templated":true}]}}